{"id":7094,"date":"2021-01-20T12:00:14","date_gmt":"2021-01-20T12:00:14","guid":{"rendered":"https:\/\/nueva.cygsa.es\/politica-de-privacidad\/"},"modified":"2021-02-04T15:16:43","modified_gmt":"2021-02-04T15:16:43","slug":"politica-de-privacidad","status":"publish","type":"page","link":"https:\/\/nueva.cygsa.es\/fr\/politica-de-privacidad\/","title":{"rendered":"Mentions l\u00e9gales"},"content":{"rendered":"<p>[et_pb_section fb_built=\u00a0\u00bb1&Prime; _builder_version=\u00a0\u00bb4.8.0&Prime; _module_preset=\u00a0\u00bbdefault\u00a0\u00bb][et_pb_row _builder_version=\u00a0\u00bb4.8.0&Prime; _module_preset=\u00a0\u00bbdefault\u00a0\u00bb][et_pb_column type=\u00a0\u00bb4_4&Prime; _builder_version=\u00a0\u00bb4.8.0&Prime; _module_preset=\u00a0\u00bbdefault\u00a0\u00bb][et_pb_text _builder_version=\u00a0\u00bb4.8.0&Prime; _module_preset=\u00a0\u00bbdefault\u00a0\u00bb]<\/p>\n<p>1. DATOS IDENTIFICATIVOS: En cumplimiento con el deber de informaci\u00f3n recogido en art\u00edculo 10 de la Ley 34\/2002, de 11 de julio, de Servicios de la Sociedad de la Informaci\u00f3n y del Comercio Electr\u00f3nico,\u00a0 a\u00a0 continuaci\u00f3n\u00a0 se\u00a0 reflejan\u00a0 los\u00a0 siguientes\u00a0 datos:\u00a0 la empresa titular de dominio web es xxxxxxxx (en adelante xxxxxx), con domicilio a estos efectos en Calle xxxxxxxx n\u00famero de C.I.F.: X- XXXXXXXX inscrita en el Registro Mercantil de Madrid en el tomo YYYY\u00a0 general,\u00a0 ZZZZ\u00a0 de\u00a0 la\u00a0 Secci\u00f3n\u00a0 A,\u00a0 inscripci\u00f3n\u00a0 B\u00a0 del\u00a0 Libro\u00a0 de<\/p>\n<p>Sociedades, folio XX, Hoja XXXXX. Correo electr\u00f3nico de contacto: XXXXXX@dominio del sitio web.<\/p>\n<p>2. USUARIOS: El acceso y\/o uso de este portal de Nombre de la empresa\u00a0 creadora\u00a0 del\u00a0 sitio\u00a0 web\u00a0\u00a0 atribuye\u00a0 la\u00a0 condici\u00f3n\u00a0 de USUARIO, que acepta, desde dicho acceso y\/o uso, las Condiciones Generales de Uso aqu\u00ed reflejadas. Las citadas Condiciones ser\u00e1n de aplicaci\u00f3n independientemente de las Condiciones Generales de Contrataci\u00f3n que en su caso resulten de obligado cumplimiento.<\/p>\n<p>3. USO\u00a0 DEL\u00a0 PORTAL:\u00a0 indicar\u00a0 dominio\u00a0 proporciona\u00a0 el\u00a0 acceso\u00a0 a multitud\u00a0\u00a0 de\u00a0\u00a0 informaciones,\u00a0\u00a0 servicios,\u00a0 programas\u00a0\u00a0 o\u00a0\u00a0 datos\u00a0\u00a0 (en adelante, \u201clos contenidos\u201d) en Internet pertenecientes a Nombre de la empresa creadora del sitio web o a sus licenciantes a los que el USUARIO pueda tener acceso. El USUARIO asume la responsabilidad del uso del portal. Dicha responsabilidad se extiende al registro que fuese necesario para acceder a determinados servicios o contenidos. En\u00a0\u00a0 \u00a0dicho\u00a0\u00a0 registro\u00a0\u00a0 el\u00a0\u00a0 USUARIO\u00a0\u00a0 ser\u00e1\u00a0\u00a0 responsable\u00a0\u00a0 de\u00a0\u00a0 aportar informaci\u00f3n veraz y l\u00edcita. Como consecuencia de este registro, al USUARIO se le puede proporcionar una contrase\u00f1a de la que ser\u00e1 responsable,\u00a0\u00a0 comprometi\u00e9ndose\u00a0\u00a0 a\u00a0\u00a0 hacer\u00a0\u00a0 un\u00a0\u00a0 uso\u00a0 diligente\u00a0\u00a0 y confidencial de la misma. El USUARIO se compromete a hacer un uso adecuado de los contenidos y servicios (como por ejemplo servicios de chat, foros de discusi\u00f3n o grupos de noticias) que Nombre de la empresa creadora del sitio web ofrece a trav\u00e9s de su portal y con car\u00e1cter enunciativo pero no limitativo, a no emplearlos para (i) incurrir en actividades il\u00edcitas, ilegales o contrarias a la buena fe y al orden p\u00fablico; (ii) difundir contenidos o propaganda de car\u00e1cter racista, xen\u00f3fobo, pornogr\u00e1fico-ilegal, de apolog\u00eda del terrorismo o atentatorio contra los derechos humanos; (iii) provocar da\u00f1os en los sistemas f\u00edsicos y l\u00f3gicos de Nombre de la empresa creadora del sitio web , de sus proveedores o de terceras personas, introducir o difundir en la red virus inform\u00e1ticos o cualesquiera otros sistemas f\u00edsicos o l\u00f3gicos que sean susceptibles de provocar los da\u00f1os anteriormente mencionados; (iv) intentar acceder y, en su caso, utilizar las cuentas de correo electr\u00f3nico de otros usuarios y modificar<\/p>\n<p>o manipular sus mensajes. Nombre de la empresa creadora del sitio\u00a0\u00a0 web\u00a0\u00a0 se\u00a0\u00a0 reserva\u00a0 el\u00a0 derecho\u00a0\u00a0 de\u00a0\u00a0 retirar\u00a0 todos\u00a0\u00a0 aquellos comentarios y aportaciones que vulneren el respeto a la dignidad de la persona, que sean discriminatorios, xen\u00f3fobos, racistas, pornogr\u00e1ficos, que atenten contra la juventud o la infancia, el orden o la seguridad p\u00fablica o que, a su juicio, no resultaran adecuados para su publicaci\u00f3n. En cualquier caso, Nombre de la empresa creadora del sitio web no ser\u00e1 responsable de las opiniones vertidas por los usuarios a trav\u00e9s de los foros, chats, u otras herramientas de participaci\u00f3n.<\/p>\n<p>4. PROTECCI\u00d3N DE DATOS: Nombre de la empresa creadora del sitio web cumple con las directrices de la Ley Org\u00e1nica 15\/1999 de<br \/>13 de diciembre de Protecci\u00f3n de Datos de Car\u00e1cter Personal, el Real Decreto 1720\/2007 de 21 de diciembre por el que se aprueba el Reglamento de desarrollo de la Ley Org\u00e1nica y dem\u00e1s normativa vigente en cada momento, y vela por garantizar un correcto uso y tratamiento de los datos personales del usuario. Para ello, junto a cada formulario de recabo de datos de car\u00e1cter personal, en los servicios que el usuario pueda solicitar a Nombre de la empresa creadora del sitio web , har\u00e1 saber al usuario de la existencia y aceptaci\u00f3n de las condiciones particulares del tratamiento de sus datos en cada caso, inform\u00e1ndole de la responsabilidad del fichero creado, la direcci\u00f3n del responsable, la posibilidad de ejercer sus derechos de acceso, rectificaci\u00f3n, cancelaci\u00f3n u oposici\u00f3n, la finalidad del tratamiento y las comunicaciones de datos a terceros en su caso. Asimismo, Nombre de la empresa creadora del sitio web informa que da cumplimiento a la Ley 34\/2002 de 11 de julio, de Servicios de la Sociedad de la Informaci\u00f3n y el Comercio Electr\u00f3nico y le solicitar\u00e1 su consentimiento al tratamiento de su correo electr\u00f3nico con fines comerciales en cada momento.<\/p>\n<p>5. PROPIEDAD\u00a0 INTELECTUAL\u00a0 E\u00a0 INDUSTRIAL:\u00a0 Nombre\u00a0 de\u00a0 la empresa creadora del sitio web\u00a0 por s\u00ed o como cesionaria, es titular de todos los derechos de propiedad intelectual e industrial de su p\u00e1gina web, as\u00ed como de los elementos contenidos en la misma (a t\u00edtulo enunciativo, im\u00e1genes, sonido, audio, v\u00eddeo, software o textos; marcas o logotipos, combinaciones de colores, estructura y dise\u00f1o, selecci\u00f3n de materiales usados, programas de ordenador necesarios para su funcionamiento, acceso y uso, etc.), titularidad de Nombre de la empresa creadora del sitio web o bien de sus licenciantes. Todos los derechos reservados. En virtud de lo dispuesto en los art\u00edculos\u00a0 8\u00a0 y\u00a0 32.1,\u00a0 p\u00e1rrafo\u00a0 segundo,\u00a0 de\u00a0 la\u00a0 Ley\u00a0 de\u00a0 Propiedad Intelectual, quedan expresamente prohibidas la reproducci\u00f3n, la distribuci\u00f3n\u00a0 y\u00a0 la\u00a0 comunicaci\u00f3n\u00a0 p\u00fablica,\u00a0 incluida\u00a0 su\u00a0 modalidad\u00a0 de puesta a disposici\u00f3n, de la totalidad o parte de los contenidos de esta p\u00e1gina web, con fines comerciales, en cualquier soporte y por cualquier medio t\u00e9cnico, sin la autorizaci\u00f3n de Nombre de la empresa creadora del sitio web . El USUARIO se compromete a respetar los derechos de Propiedad Intelectual e Industrial titularidad de\u00a0 Nombre\u00a0 de\u00a0 la\u00a0 empresa\u00a0 creadora\u00a0 del\u00a0 sitio\u00a0 web.\u00a0 Podr\u00e1 visualizar los elementos del portal e incluso imprimirlos, copiarlos y almacenarlos en el disco duro de su ordenador o en cualquier otro soporte f\u00edsico siempre y cuando sea, \u00fanica y exclusivamente, para su uso personal y privado. El USUARIO deber\u00e1 abstenerse de suprimir, alterar, eludir o manipular cualquier dispositivo de protecci\u00f3n o sistema de seguridad que estuviera instalado en el las p\u00e1ginas de Nombre de la empresa creadora del sitio web.<\/p>\n<p>6. EXCLUSI\u00d3N DE GARANT\u00cdAS Y RESPONSABILIDAD: Nombre de la empresa creadora del sitio web. no se hace responsable, en ning\u00fan caso, de los da\u00f1os y perjuicios de cualquier naturaleza que pudieran ocasionar, a t\u00edtulo enunciativo: errores u omisiones en los contenidos, falta de disponibilidad del portal o la transmisi\u00f3n de virus o programas maliciosos o lesivos en los contenidos, a pesar de haber adoptado todas las medidas tecnol\u00f3gicas necesarias para evitarlo.<\/p>\n<p>7. MODIFICACIONES: Nombre de la empresa creadora del sitio web\u00a0\u00a0 \u00a0se\u00a0 reserva\u00a0 el\u00a0 derecho\u00a0 de\u00a0 efectuar\u00a0 sin\u00a0 previo\u00a0 aviso\u00a0 las modificaciones\u00a0 que\u00a0 considere\u00a0 oportunas\u00a0 en\u00a0 su\u00a0 portal,\u00a0 pudiendo<\/p>\n<p>presten\u00a0 a\u00a0 trav\u00e9s\u00a0 de\u00a0 la\u00a0 misma\u00a0 como\u00a0 la\u00a0 forma\u00a0 en\u00a0 la\u00a0 que\u00a0 \u00e9stos aparezcan presentados o localizados en su portal.<\/p>\n<p>8. ENLACES:\u00a0 En\u00a0 el\u00a0 caso\u00a0 de\u00a0 que\u00a0 en\u00a0 nombre\u00a0 del\u00a0 dominio\u00a0 se dispusiesen enlaces o hiperv\u00ednculos hac\u00eda otros sitios de Internet, Nombre de la empresa creadora del sitio web no ejercer\u00e1 ning\u00fan tipo de control sobre dichos sitios y contenidos. En ning\u00fan caso Nombre de la empresa creadora del sitio web asumir\u00e1 responsabilidad alguna por los contenidos de alg\u00fan enlace perteneciente a un sitio web ajeno, ni garantizar\u00e1 la disponibilidad t\u00e9cnica, calidad, fiabilidad, exactitud, amplitud, veracidad, validez y constitucionalidad de cualquier material o informaci\u00f3n contenida en ninguno\u00a0\u00a0 de\u00a0\u00a0 dichos\u00a0\u00a0 hiperv\u00ednculos\u00a0\u00a0 u\u00a0 otros\u00a0\u00a0 sitios\u00a0\u00a0 de\u00a0\u00a0 Internet. Igualmente la inclusi\u00f3n de estas conexiones externas no implicar\u00e1 ning\u00fan tipo de asociaci\u00f3n, fusi\u00f3n o participaci\u00f3n con las entidades conectadas.<\/p>\n<p>9. DERECHO DE EXCLUSI\u00d3N: Nombre de la empresa creadora del sitio web se reserva el derecho a denegar o retirar el acceso a portal y\/o los servicios ofrecidos sin necesidad de preaviso, a instancia propia o de un tercero, a aquellos usuarios que incumplan las presentes Condiciones Generales de Uso.<\/p>\n<p>10.GENERALIDADES: Nombre de la empresa creadora del sitio web perseguir\u00e1 el incumplimiento de las presentes condiciones as\u00ed como cualquier utilizaci\u00f3n indebida de su portal ejerciendo todas las acciones civiles y penales que le puedan corresponder en derecho.<\/p>\n<p>11.MODIFICACI\u00d3N DE LAS PRESENTES CONDICIONES Y DURACI\u00d3N:\u00a0 Nombre\u00a0 de\u00a0 la\u00a0 empresa\u00a0 creadora\u00a0 del\u00a0 sitio\u00a0 web podr\u00e1 modificar en cualquier momento las condiciones aqu\u00ed determinadas, siendo debidamente publicadas como aqu\u00ed aparecen. La vigencia de las citadas condiciones ir\u00e1 en funci\u00f3n de su exposici\u00f3n y\u00a0\u00a0 \u00a0estar\u00e1n\u00a0\u00a0 vigentes\u00a0\u00a0 hasta\u00a0\u00a0 que\u00a0\u00a0 sean\u00a0\u00a0 modificadas\u00a0\u00a0 por\u00a0\u00a0 otras debidamente publicadas.<\/p>\n<p>Nombre\u00a0 de\u00a0 la\u00a0 empresa\u00a0 creadora\u00a0 del\u00a0 sitio\u00a0 web\u00a0 y\u00a0 el USUARIO\u00a0 se\u00a0 regir\u00e1\u00a0 por\u00a0 la\u00a0 normativa\u00a0 espa\u00f1ola\u00a0 vigente\u00a0 y cualquier controversia se someter\u00e1 a los Juzgados y tribunales de la ciudad de Madrid.<\/p>\n<p>[\/et_pb_text][\/et_pb_column][\/et_pb_row][\/et_pb_section]<\/p>\n","protected":false},"excerpt":{"rendered":"<p>1. DATOS IDENTIFICATIVOS: En cumplimiento con el deber de informaci\u00f3n recogido en art\u00edculo 10 de la Ley 34\/2002, de 11 de julio, de Servicios de la Sociedad de la Informaci\u00f3n y del Comercio Electr\u00f3nico,\u00a0 a\u00a0 continuaci\u00f3n\u00a0 se\u00a0 reflejan\u00a0 los\u00a0 siguientes\u00a0 datos:\u00a0 la empresa titular de dominio web es xxxxxxxx (en adelante xxxxxx), con domicilio a [&hellip;]<\/p>\n","protected":false},"author":1,"featured_media":0,"parent":0,"menu_order":0,"comment_status":"closed","ping_status":"closed","template":"","meta":{"_et_pb_use_builder":"on","_et_pb_old_content":"","_et_gb_content_width":"","footnotes":""},"class_list":["post-7094","page","type-page","status-publish","hentry"],"yoast_head":"<!-- This site is optimized with the Yoast SEO plugin v23.4 - https:\/\/yoast.com\/wordpress\/plugins\/seo\/ -->\n<title>Mentions l\u00e9gales - Cygsa<\/title>\n<meta name=\"robots\" content=\"index, follow, max-snippet:-1, max-image-preview:large, max-video-preview:-1\" \/>\n<link rel=\"canonical\" href=\"https:\/\/nueva.cygsa.es\/fr\/politica-de-privacidad\/\" \/>\n<meta property=\"og:locale\" content=\"fr_FR\" \/>\n<meta property=\"og:type\" content=\"article\" \/>\n<meta property=\"og:title\" content=\"Mentions l\u00e9gales - Cygsa\" \/>\n<meta property=\"og:description\" content=\"1. DATOS IDENTIFICATIVOS: En cumplimiento con el deber de informaci\u00f3n recogido en art\u00edculo 10 de la Ley 34\/2002, de 11 de julio, de Servicios de la Sociedad de la Informaci\u00f3n y del Comercio Electr\u00f3nico,\u00a0 a\u00a0 continuaci\u00f3n\u00a0 se\u00a0 reflejan\u00a0 los\u00a0 siguientes\u00a0 datos:\u00a0 la empresa titular de dominio web es xxxxxxxx (en adelante xxxxxx), con domicilio a [&hellip;]\" \/>\n<meta property=\"og:url\" content=\"https:\/\/nueva.cygsa.es\/fr\/politica-de-privacidad\/\" \/>\n<meta property=\"og:site_name\" content=\"Cygsa\" \/>\n<meta property=\"article:modified_time\" content=\"2021-02-04T15:16:43+00:00\" \/>\n<meta name=\"twitter:card\" content=\"summary_large_image\" \/>\n<meta name=\"twitter:label1\" content=\"Dur\u00e9e de lecture estim\u00e9e\" \/>\n\t<meta name=\"twitter:data1\" content=\"8 minutes\" \/>\n<script type=\"application\/ld+json\" class=\"yoast-schema-graph\">{\"@context\":\"https:\/\/schema.org\",\"@graph\":[{\"@type\":\"WebPage\",\"@id\":\"https:\/\/nueva.cygsa.es\/fr\/politica-de-privacidad\/\",\"url\":\"https:\/\/nueva.cygsa.es\/fr\/politica-de-privacidad\/\",\"name\":\"Mentions l\u00e9gales - Cygsa\",\"isPartOf\":{\"@id\":\"https:\/\/nueva.cygsa.es\/fr\/#website\"},\"datePublished\":\"2021-01-20T12:00:14+00:00\",\"dateModified\":\"2021-02-04T15:16:43+00:00\",\"breadcrumb\":{\"@id\":\"https:\/\/nueva.cygsa.es\/fr\/politica-de-privacidad\/#breadcrumb\"},\"inLanguage\":\"fr-FR\",\"potentialAction\":[{\"@type\":\"ReadAction\",\"target\":[\"https:\/\/nueva.cygsa.es\/fr\/politica-de-privacidad\/\"]}]},{\"@type\":\"BreadcrumbList\",\"@id\":\"https:\/\/nueva.cygsa.es\/fr\/politica-de-privacidad\/#breadcrumb\",\"itemListElement\":[{\"@type\":\"ListItem\",\"position\":1,\"name\":\"Portada\",\"item\":\"https:\/\/nueva.cygsa.es\/fr\/\"},{\"@type\":\"ListItem\",\"position\":2,\"name\":\"Mentions l\u00e9gales\"}]},{\"@type\":\"WebSite\",\"@id\":\"https:\/\/nueva.cygsa.es\/fr\/#website\",\"url\":\"https:\/\/nueva.cygsa.es\/fr\/\",\"name\":\"Cygsa\",\"description\":\"Just another WordPress site\",\"potentialAction\":[{\"@type\":\"SearchAction\",\"target\":{\"@type\":\"EntryPoint\",\"urlTemplate\":\"https:\/\/nueva.cygsa.es\/fr\/?s={search_term_string}\"},\"query-input\":{\"@type\":\"PropertyValueSpecification\",\"valueRequired\":true,\"valueName\":\"search_term_string\"}}],\"inLanguage\":\"fr-FR\"}]}<\/script>\n<!-- \/ Yoast SEO plugin. -->","yoast_head_json":{"title":"Mentions l\u00e9gales - Cygsa","robots":{"index":"index","follow":"follow","max-snippet":"max-snippet:-1","max-image-preview":"max-image-preview:large","max-video-preview":"max-video-preview:-1"},"canonical":"https:\/\/nueva.cygsa.es\/fr\/politica-de-privacidad\/","og_locale":"fr_FR","og_type":"article","og_title":"Mentions l\u00e9gales - Cygsa","og_description":"1. DATOS IDENTIFICATIVOS: En cumplimiento con el deber de informaci\u00f3n recogido en art\u00edculo 10 de la Ley 34\/2002, de 11 de julio, de Servicios de la Sociedad de la Informaci\u00f3n y del Comercio Electr\u00f3nico,\u00a0 a\u00a0 continuaci\u00f3n\u00a0 se\u00a0 reflejan\u00a0 los\u00a0 siguientes\u00a0 datos:\u00a0 la empresa titular de dominio web es xxxxxxxx (en adelante xxxxxx), con domicilio a [&hellip;]","og_url":"https:\/\/nueva.cygsa.es\/fr\/politica-de-privacidad\/","og_site_name":"Cygsa","article_modified_time":"2021-02-04T15:16:43+00:00","twitter_card":"summary_large_image","twitter_misc":{"Dur\u00e9e de lecture estim\u00e9e":"8 minutes"},"schema":{"@context":"https:\/\/schema.org","@graph":[{"@type":"WebPage","@id":"https:\/\/nueva.cygsa.es\/fr\/politica-de-privacidad\/","url":"https:\/\/nueva.cygsa.es\/fr\/politica-de-privacidad\/","name":"Mentions l\u00e9gales - Cygsa","isPartOf":{"@id":"https:\/\/nueva.cygsa.es\/fr\/#website"},"datePublished":"2021-01-20T12:00:14+00:00","dateModified":"2021-02-04T15:16:43+00:00","breadcrumb":{"@id":"https:\/\/nueva.cygsa.es\/fr\/politica-de-privacidad\/#breadcrumb"},"inLanguage":"fr-FR","potentialAction":[{"@type":"ReadAction","target":["https:\/\/nueva.cygsa.es\/fr\/politica-de-privacidad\/"]}]},{"@type":"BreadcrumbList","@id":"https:\/\/nueva.cygsa.es\/fr\/politica-de-privacidad\/#breadcrumb","itemListElement":[{"@type":"ListItem","position":1,"name":"Portada","item":"https:\/\/nueva.cygsa.es\/fr\/"},{"@type":"ListItem","position":2,"name":"Mentions l\u00e9gales"}]},{"@type":"WebSite","@id":"https:\/\/nueva.cygsa.es\/fr\/#website","url":"https:\/\/nueva.cygsa.es\/fr\/","name":"Cygsa","description":"Just another WordPress site","potentialAction":[{"@type":"SearchAction","target":{"@type":"EntryPoint","urlTemplate":"https:\/\/nueva.cygsa.es\/fr\/?s={search_term_string}"},"query-input":{"@type":"PropertyValueSpecification","valueRequired":true,"valueName":"search_term_string"}}],"inLanguage":"fr-FR"}]}},"_links":{"self":[{"href":"https:\/\/nueva.cygsa.es\/fr\/wp-json\/wp\/v2\/pages\/7094","targetHints":{"allow":["GET"]}}],"collection":[{"href":"https:\/\/nueva.cygsa.es\/fr\/wp-json\/wp\/v2\/pages"}],"about":[{"href":"https:\/\/nueva.cygsa.es\/fr\/wp-json\/wp\/v2\/types\/page"}],"author":[{"embeddable":true,"href":"https:\/\/nueva.cygsa.es\/fr\/wp-json\/wp\/v2\/users\/1"}],"replies":[{"embeddable":true,"href":"https:\/\/nueva.cygsa.es\/fr\/wp-json\/wp\/v2\/comments?post=7094"}],"version-history":[{"count":4,"href":"https:\/\/nueva.cygsa.es\/fr\/wp-json\/wp\/v2\/pages\/7094\/revisions"}],"predecessor-version":[{"id":7098,"href":"https:\/\/nueva.cygsa.es\/fr\/wp-json\/wp\/v2\/pages\/7094\/revisions\/7098"}],"wp:attachment":[{"href":"https:\/\/nueva.cygsa.es\/fr\/wp-json\/wp\/v2\/media?parent=7094"}],"curies":[{"name":"wp","href":"https:\/\/api.w.org\/{rel}","templated":true}]}}