{"id":7032,"date":"2021-01-27T11:32:53","date_gmt":"2021-01-27T11:32:53","guid":{"rendered":"https:\/\/nueva.cygsa.es\/energia-y-teleco\/"},"modified":"2021-02-04T14:50:00","modified_gmt":"2021-02-04T14:50:00","slug":"energia-y-teleco","status":"publish","type":"page","link":"https:\/\/nueva.cygsa.es\/fr\/energia-y-teleco\/","title":{"rendered":"\u00c9NERGIE ET T\u00c9L\u00c9COM"},"content":{"rendered":"<p>[et_pb_section fb_built=\u00a0\u00bb1&Prime; _builder_version=\u00a0\u00bb4.8.0&Prime; _module_preset=\u00a0\u00bbdefault\u00a0\u00bb custom_padding=\u00a0\u00bb||45px|||\u00a0\u00bb][et_pb_row column_structure=\u00a0\u00bb1_2,1_2&Prime; _builder_version=\u00a0\u00bb4.8.0&Prime; _module_preset=\u00a0\u00bbdefault\u00a0\u00bb][et_pb_column type=\u00a0\u00bb1_2&Prime; _builder_version=\u00a0\u00bb4.8.0&Prime; _module_preset=\u00a0\u00bbdefault\u00a0\u00bb][et_pb_image src=\u00a0\u00bbhttps:\/\/nueva.cygsa.es\/wp-content\/uploads\/2015\/02\/0_cable.jpg\u00a0\u00bb title_text=\u00a0\u00bb0_cable\u00a0\u00bb _builder_version=\u00a0\u00bb4.8.0&Prime; _module_preset=\u00a0\u00bbdefault\u00a0\u00bb][\/et_pb_image][\/et_pb_column][et_pb_column type=\u00a0\u00bb1_2&Prime; _builder_version=\u00a0\u00bb4.8.0&Prime; _module_preset=\u00a0\u00bbdefault\u00a0\u00bb][et_pb_text _builder_version=\u00a0\u00bb4.8.0&Prime; _module_preset=\u00a0\u00bbdefault\u00a0\u00bb hover_enabled=\u00a0\u00bb0&Prime; sticky_enabled=\u00a0\u00bb0&Prime;]<\/p>\n<h2>Compos\u00e9s PVC<\/h2>\n<p>&nbsp;<\/p>\n<p><span>Nous offrons une gamme vari\u00e9e de compos\u00e9s en PVC pour les applications d\u2019isolement et les gaines de c\u00e2bles.<\/span><\/p>\n<p>[\/et_pb_text][et_pb_accordion _builder_version=\u00a0\u00bb4.8.0&Prime; _module_preset=\u00a0\u00bbdefault\u00a0\u00bb hover_enabled=\u00a0\u00bb0&Prime; sticky_enabled=\u00a0\u00bb0&Prime;][et_pb_accordion_item title=\u00a0\u00bbC\u00e2bles \u00e9nergie &#8211; Basse tension\u00a0\u00bb open=\u00a0\u00bbon\u00a0\u00bb _builder_version=\u00a0\u00bb4.8.0&Prime; _module_preset=\u00a0\u00bbdefault\u00a0\u00bb hover_enabled=\u00a0\u00bb0&Prime; sticky_enabled=\u00a0\u00bb0&Prime;]Isolement TI-1 \/ TI-2 \/ TI-3<br \/>\nGaine TM-1 \/ TM-2 \/ TM-3 \/ TM-5<br \/>\nIsolement A\/B<br \/>\nGaine ST-1 \/ ST-2[\/et_pb_accordion_item][et_pb_accordion_item title=\u00a0\u00bbT\u00e9l\u00e9communications\u00a0\u00bb _builder_version=\u00a0\u00bb4.8.0&Prime; _module_preset=\u00a0\u00bbdefault\u00a0\u00bb hover_enabled=\u00a0\u00bb0&Prime; open=\u00a0\u00bboff\u00a0\u00bb sticky_enabled=\u00a0\u00bb0&Prime;]<\/p>\n<ul>\n<li>Branchements g\u00e9n\u00e9raux<\/li>\n<li>C\u00e2bles coaxiaux<\/li>\n<liFil de pont, fil r\u00e9partiteur, etc.<\/li>\n<\/ul>\n<p>[\/et_pb_accordion_item][\/et_pb_accordion][et_pb_text _builder_version=\u00a0\u00bb4.8.0&Prime; _module_preset=\u00a0\u00bbdefault\u00a0\u00bb hover_enabled=\u00a0\u00bb0&Prime; sticky_enabled=\u00a0\u00bb0&Prime;]<\/p>\n<p>Outre les mat\u00e9riaux standards, nous proposons les options suivantes :<\/p>\n<p>&nbsp;<\/p>\n<ul id=\"checklist-2\" class=\"list-icon circle-no list-icon-play\">\n<li>Non propagateur d\u2019incendie (test de l\u2019escalier)<\/li>\n<li>Faibles halog\u00e8nes<\/li>\n<li>R\u00e9sistant aux hydrocarbures<\/li>\n<li>Basse Temp\u00e9rature<\/li>\n<li>R\u00e9sistant aux rayons UV<\/li>\n<\/ul>\n<p>[\/et_pb_text][\/et_pb_column][\/et_pb_row][\/et_pb_section][et_pb_section fb_built=\u00a0\u00bb1&Prime; _builder_version=\u00a0\u00bb4.8.0&Prime; _module_preset=\u00a0\u00bbdefault\u00a0\u00bb custom_padding=\u00a0\u00bb0px|||||\u00a0\u00bb][et_pb_row column_structure=\u00a0\u00bb1_2,1_2&Prime; _builder_version=\u00a0\u00bb4.8.0&Prime; _module_preset=\u00a0\u00bbdefault\u00a0\u00bb][et_pb_column type=\u00a0\u00bb1_2&Prime; _builder_version=\u00a0\u00bb4.8.0&Prime; _module_preset=\u00a0\u00bbdefault\u00a0\u00bb][et_pb_image src=\u00a0\u00bbhttps:\/\/nueva.cygsa.es\/wp-content\/uploads\/2014\/12\/fibra.jpg\u00a0\u00bb title_text=\u00a0\u00bbfibra\u00a0\u00bb _builder_version=\u00a0\u00bb4.8.0&Prime; _module_preset=\u00a0\u00bbdefault\u00a0\u00bb][\/et_pb_image][\/et_pb_column][et_pb_column type=\u00a0\u00bb1_2&Prime; _builder_version=\u00a0\u00bb4.8.0&Prime; _module_preset=\u00a0\u00bbdefault\u00a0\u00bb][et_pb_text _builder_version=\u00a0\u00bb4.8.0&Prime; _module_preset=\u00a0\u00bbdefault\u00a0\u00bb hover_enabled=\u00a0\u00bb0&Prime; sticky_enabled=\u00a0\u00bb0&Prime;]<\/p>\n<h2>Compos\u00e9s exempt d\u2019halog\u00e8nes<\/h2>\n<p>[\/et_pb_text][et_pb_accordion _builder_version=\u00a0\u00bb4.8.0&Prime; _module_preset=\u00a0\u00bbdefault\u00a0\u00bb hover_enabled=\u00a0\u00bb0&Prime; sticky_enabled=\u00a0\u00bb0&Prime;][et_pb_accordion_item title=\u00a0\u00bbC\u00e2bles \u00e9nergie\u00a0\u00bb open=\u00a0\u00bbon\u00a0\u00bb _builder_version=\u00a0\u00bb4.8.0&Prime; _module_preset=\u00a0\u00bbdefault\u00a0\u00bb hover_enabled=\u00a0\u00bb0&Prime; sticky_enabled=\u00a0\u00bb0&Prime;]\u00b7 Gaine ZH RZ1-K<br \/>\n\u00b7 Isolement ES 07Z1-K<br \/>\n\u00b7 Gaine grande r\u00e9sistance abrasion \/ d\u00e9chirement[\/et_pb_accordion_item][et_pb_accordion_item title=\u00a0\u00bbT\u00e9l\u00e9communications\u00a0\u00bb _builder_version=\u00a0\u00bb4.8.0&Prime; _module_preset=\u00a0\u00bbdefault\u00a0\u00bb hover_enabled=\u00a0\u00bb0&Prime; open=\u00a0\u00bboff\u00a0\u00bb sticky_enabled=\u00a0\u00bb0&Prime;]\u00b7 Rev\u00eatement fibre optique<br \/>\n\u00b7 Rev\u00eatement faible \u00e9paisseur radiale[\/et_pb_accordion_item][\/et_pb_accordion][\/et_pb_column][\/et_pb_row][\/et_pb_section]<\/p>\n","protected":false},"excerpt":{"rendered":"<p>Compos\u00e9s PVC &nbsp; Nous offrons une gamme vari\u00e9e de compos\u00e9s en PVC pour les applications d\u2019isolement et les gaines de c\u00e2bles.Isolement TI-1 \/ TI-2 \/ TI-3 Gaine TM-1 \/ TM-2 \/ TM-3 \/ TM-5 Isolement A\/B Gaine ST-1 \/ ST-2 Branchements g\u00e9n\u00e9raux C\u00e2bles coaxiaux<\/p>\n","protected":false},"author":1,"featured_media":0,"parent":0,"menu_order":0,"comment_status":"closed","ping_status":"closed","template":"","meta":{"_et_pb_use_builder":"on","_et_pb_old_content":"","_et_gb_content_width":"","footnotes":""},"class_list":["post-7032","page","type-page","status-publish","hentry"],"yoast_head":"<!-- This site is optimized with the Yoast SEO plugin v23.4 - https:\/\/yoast.com\/wordpress\/plugins\/seo\/ -->\n<title>\u00c9NERGIE ET T\u00c9L\u00c9COM - Cygsa<\/title>\n<meta name=\"robots\" content=\"index, follow, max-snippet:-1, max-image-preview:large, max-video-preview:-1\" \/>\n<link rel=\"canonical\" href=\"https:\/\/nueva.cygsa.es\/fr\/energia-y-teleco\/\" \/>\n<meta property=\"og:locale\" content=\"fr_FR\" \/>\n<meta property=\"og:type\" content=\"article\" \/>\n<meta property=\"og:title\" content=\"\u00c9NERGIE ET T\u00c9L\u00c9COM - Cygsa\" \/>\n<meta property=\"og:description\" content=\"Compos\u00e9s PVC &nbsp; Nous offrons une gamme vari\u00e9e de compos\u00e9s en PVC pour les applications d\u2019isolement et les gaines de c\u00e2bles.Isolement TI-1 \/ TI-2 \/ TI-3 Gaine TM-1 \/ TM-2 \/ TM-3 \/ TM-5 Isolement A\/B Gaine ST-1 \/ ST-2 Branchements g\u00e9n\u00e9raux C\u00e2bles coaxiaux\" \/>\n<meta property=\"og:url\" content=\"https:\/\/nueva.cygsa.es\/fr\/energia-y-teleco\/\" \/>\n<meta property=\"og:site_name\" content=\"Cygsa\" \/>\n<meta property=\"article:modified_time\" content=\"2021-02-04T14:50:00+00:00\" \/>\n<meta name=\"twitter:card\" content=\"summary_large_image\" \/>\n<meta name=\"twitter:label1\" content=\"Dur\u00e9e de lecture estim\u00e9e\" \/>\n\t<meta name=\"twitter:data1\" content=\"1 minute\" \/>\n<script type=\"application\/ld+json\" class=\"yoast-schema-graph\">{\"@context\":\"https:\/\/schema.org\",\"@graph\":[{\"@type\":\"WebPage\",\"@id\":\"https:\/\/nueva.cygsa.es\/fr\/energia-y-teleco\/\",\"url\":\"https:\/\/nueva.cygsa.es\/fr\/energia-y-teleco\/\",\"name\":\"\u00c9NERGIE ET T\u00c9L\u00c9COM - Cygsa\",\"isPartOf\":{\"@id\":\"https:\/\/nueva.cygsa.es\/fr\/#website\"},\"datePublished\":\"2021-01-27T11:32:53+00:00\",\"dateModified\":\"2021-02-04T14:50:00+00:00\",\"breadcrumb\":{\"@id\":\"https:\/\/nueva.cygsa.es\/fr\/energia-y-teleco\/#breadcrumb\"},\"inLanguage\":\"fr-FR\",\"potentialAction\":[{\"@type\":\"ReadAction\",\"target\":[\"https:\/\/nueva.cygsa.es\/fr\/energia-y-teleco\/\"]}]},{\"@type\":\"BreadcrumbList\",\"@id\":\"https:\/\/nueva.cygsa.es\/fr\/energia-y-teleco\/#breadcrumb\",\"itemListElement\":[{\"@type\":\"ListItem\",\"position\":1,\"name\":\"Portada\",\"item\":\"https:\/\/nueva.cygsa.es\/fr\/\"},{\"@type\":\"ListItem\",\"position\":2,\"name\":\"\u00c9NERGIE ET T\u00c9L\u00c9COM\"}]},{\"@type\":\"WebSite\",\"@id\":\"https:\/\/nueva.cygsa.es\/fr\/#website\",\"url\":\"https:\/\/nueva.cygsa.es\/fr\/\",\"name\":\"Cygsa\",\"description\":\"Just another WordPress site\",\"potentialAction\":[{\"@type\":\"SearchAction\",\"target\":{\"@type\":\"EntryPoint\",\"urlTemplate\":\"https:\/\/nueva.cygsa.es\/fr\/?s={search_term_string}\"},\"query-input\":{\"@type\":\"PropertyValueSpecification\",\"valueRequired\":true,\"valueName\":\"search_term_string\"}}],\"inLanguage\":\"fr-FR\"}]}<\/script>\n<!-- \/ Yoast SEO plugin. -->","yoast_head_json":{"title":"\u00c9NERGIE ET T\u00c9L\u00c9COM - Cygsa","robots":{"index":"index","follow":"follow","max-snippet":"max-snippet:-1","max-image-preview":"max-image-preview:large","max-video-preview":"max-video-preview:-1"},"canonical":"https:\/\/nueva.cygsa.es\/fr\/energia-y-teleco\/","og_locale":"fr_FR","og_type":"article","og_title":"\u00c9NERGIE ET T\u00c9L\u00c9COM - Cygsa","og_description":"Compos\u00e9s PVC &nbsp; Nous offrons une gamme vari\u00e9e de compos\u00e9s en PVC pour les applications d\u2019isolement et les gaines de c\u00e2bles.Isolement TI-1 \/ TI-2 \/ TI-3 Gaine TM-1 \/ TM-2 \/ TM-3 \/ TM-5 Isolement A\/B Gaine ST-1 \/ ST-2 Branchements g\u00e9n\u00e9raux C\u00e2bles coaxiaux","og_url":"https:\/\/nueva.cygsa.es\/fr\/energia-y-teleco\/","og_site_name":"Cygsa","article_modified_time":"2021-02-04T14:50:00+00:00","twitter_card":"summary_large_image","twitter_misc":{"Dur\u00e9e de lecture estim\u00e9e":"1 minute"},"schema":{"@context":"https:\/\/schema.org","@graph":[{"@type":"WebPage","@id":"https:\/\/nueva.cygsa.es\/fr\/energia-y-teleco\/","url":"https:\/\/nueva.cygsa.es\/fr\/energia-y-teleco\/","name":"\u00c9NERGIE ET T\u00c9L\u00c9COM - Cygsa","isPartOf":{"@id":"https:\/\/nueva.cygsa.es\/fr\/#website"},"datePublished":"2021-01-27T11:32:53+00:00","dateModified":"2021-02-04T14:50:00+00:00","breadcrumb":{"@id":"https:\/\/nueva.cygsa.es\/fr\/energia-y-teleco\/#breadcrumb"},"inLanguage":"fr-FR","potentialAction":[{"@type":"ReadAction","target":["https:\/\/nueva.cygsa.es\/fr\/energia-y-teleco\/"]}]},{"@type":"BreadcrumbList","@id":"https:\/\/nueva.cygsa.es\/fr\/energia-y-teleco\/#breadcrumb","itemListElement":[{"@type":"ListItem","position":1,"name":"Portada","item":"https:\/\/nueva.cygsa.es\/fr\/"},{"@type":"ListItem","position":2,"name":"\u00c9NERGIE ET T\u00c9L\u00c9COM"}]},{"@type":"WebSite","@id":"https:\/\/nueva.cygsa.es\/fr\/#website","url":"https:\/\/nueva.cygsa.es\/fr\/","name":"Cygsa","description":"Just another WordPress site","potentialAction":[{"@type":"SearchAction","target":{"@type":"EntryPoint","urlTemplate":"https:\/\/nueva.cygsa.es\/fr\/?s={search_term_string}"},"query-input":{"@type":"PropertyValueSpecification","valueRequired":true,"valueName":"search_term_string"}}],"inLanguage":"fr-FR"}]}},"_links":{"self":[{"href":"https:\/\/nueva.cygsa.es\/fr\/wp-json\/wp\/v2\/pages\/7032","targetHints":{"allow":["GET"]}}],"collection":[{"href":"https:\/\/nueva.cygsa.es\/fr\/wp-json\/wp\/v2\/pages"}],"about":[{"href":"https:\/\/nueva.cygsa.es\/fr\/wp-json\/wp\/v2\/types\/page"}],"author":[{"embeddable":true,"href":"https:\/\/nueva.cygsa.es\/fr\/wp-json\/wp\/v2\/users\/1"}],"replies":[{"embeddable":true,"href":"https:\/\/nueva.cygsa.es\/fr\/wp-json\/wp\/v2\/comments?post=7032"}],"version-history":[{"count":4,"href":"https:\/\/nueva.cygsa.es\/fr\/wp-json\/wp\/v2\/pages\/7032\/revisions"}],"predecessor-version":[{"id":7039,"href":"https:\/\/nueva.cygsa.es\/fr\/wp-json\/wp\/v2\/pages\/7032\/revisions\/7039"}],"wp:attachment":[{"href":"https:\/\/nueva.cygsa.es\/fr\/wp-json\/wp\/v2\/media?parent=7032"}],"curies":[{"name":"wp","href":"https:\/\/api.w.org\/{rel}","templated":true}]}}