{"id":7027,"date":"2021-01-27T11:32:34","date_gmt":"2021-01-27T11:32:34","guid":{"rendered":"https:\/\/nueva.cygsa.es\/automovil\/"},"modified":"2021-02-04T14:43:19","modified_gmt":"2021-02-04T14:43:19","slug":"automovil","status":"publish","type":"page","link":"https:\/\/nueva.cygsa.es\/fr\/automovil\/","title":{"rendered":"AUTOMOBILE"},"content":{"rendered":"<p>[et_pb_section fb_built=\u00a0\u00bb1&Prime; _builder_version=\u00a0\u00bb4.8.0&Prime; _module_preset=\u00a0\u00bbdefault\u00a0\u00bb custom_padding=\u00a0\u00bb||4px|||\u00a0\u00bb][et_pb_row _builder_version=\u00a0\u00bb4.8.0&Prime; _module_preset=\u00a0\u00bbdefault\u00a0\u00bb][et_pb_column type=\u00a0\u00bb4_4&Prime; _builder_version=\u00a0\u00bb4.8.0&Prime; _module_preset=\u00a0\u00bbdefault\u00a0\u00bb][et_pb_image src=\u00a0\u00bbhttps:\/\/nueva.cygsa.es\/wp-content\/uploads\/2014\/12\/coche_2.jpg\u00a0\u00bb title_text=\u00a0\u00bbcoche_2&Prime; _builder_version=\u00a0\u00bb4.8.0&Prime; _module_preset=\u00a0\u00bbdefault\u00a0\u00bb][\/et_pb_image][et_pb_text _builder_version=\u00a0\u00bb4.8.0&Prime; _module_preset=\u00a0\u00bbdefault\u00a0\u00bb custom_margin=\u00a0\u00bb||65px|||\u00a0\u00bb hover_enabled=\u00a0\u00bb0&Prime; sticky_enabled=\u00a0\u00bb0&Prime;]<\/p>\n<p>Chez CYGSA, nous avons d\u00e9velopp\u00e9 une gamme vari\u00e9e de mat\u00e9riaux techniques destin\u00e9s au secteur de l\u2019automobile :<\/p>\n<p>&nbsp;<\/p>\n<ul id=\"checklist-1\" class=\"list-icon circle-no list-icon-play\">\n<li>Encapsulage verres de vitre<\/li>\n<li>Bandes de protection des ceintures<\/li>\n<li>Bourrelets pour housses de si\u00e8ge<\/li>\n<li>Poign\u00e9es de freins \u00e0 main, de leviers<\/li>\n<li>Injection, rotomoulage de pi\u00e8ces vari\u00e9es\u2026<\/li>\n<\/ul>\n<p>[\/et_pb_text][et_pb_divider color=\u00a0\u00bb#D6D6D6&Prime; _builder_version=\u00a0\u00bb4.8.0&Prime; _module_preset=\u00a0\u00bbdefault\u00a0\u00bb][\/et_pb_divider][\/et_pb_column][\/et_pb_row][\/et_pb_section][et_pb_section fb_built=\u00a0\u00bb1&Prime; _builder_version=\u00a0\u00bb4.8.0&Prime; _module_preset=\u00a0\u00bbdefault\u00a0\u00bb custom_padding=\u00a0\u00bb3px|||||\u00a0\u00bb][et_pb_row _builder_version=\u00a0\u00bb4.8.0&Prime; _module_preset=\u00a0\u00bbdefault\u00a0\u00bb][et_pb_column type=\u00a0\u00bb4_4&Prime; _builder_version=\u00a0\u00bb4.8.0&Prime; _module_preset=\u00a0\u00bbdefault\u00a0\u00bb][et_pb_text _builder_version=\u00a0\u00bb4.8.0&Prime; _module_preset=\u00a0\u00bbdefault\u00a0\u00bb hover_enabled=\u00a0\u00bb0&Prime; sticky_enabled=\u00a0\u00bb0&Prime;]Nous disposons dans notre catalogue de produits conformes \u00e0 la r\u00e9glementation automobile la plus demand\u00e9e : ISO 6722 et LV 112. De fait, depuis quelques ann\u00e9es, nos produits pour c\u00e2bles automobiles ont la vedette.[\/et_pb_text][et_pb_accordion _builder_version=\u00a0\u00bb4.8.0&Prime; _module_preset=\u00a0\u00bbdefault\u00a0\u00bb hover_enabled=\u00a0\u00bb0&Prime; sticky_enabled=\u00a0\u00bb0&Prime;][et_pb_accordion_item title=\u00a0\u00bbPVC\u00a0\u00bb open=\u00a0\u00bbon\u00a0\u00bb _builder_version=\u00a0\u00bb4.8.0&Prime; _module_preset=\u00a0\u00bbdefault\u00a0\u00bb hover_enabled=\u00a0\u00bb0&Prime; sticky_enabled=\u00a0\u00bb0&Prime;]<\/p>\n<p>\u00b7 T2 \u2013 Classe B (de -40\u00ba \u00e0 105\u00ba C) : Petites sections (0,35 mm2) et sections moyennes ou grandes (de 0,5 \u00e0 6 mm2)<br \/> \u00b7 T3 \u2013 Classe C (de -40\u00ba \u00e0 125\u00ba C) : Voitures, camions et batteries<br \/> \u00b7 T4 \u2013 Classe D (de -40\u00ba \u00e0 150\u00ba C) : En d\u00e9veloppement<\/p>\n<p>[\/et_pb_accordion_item][et_pb_accordion_item title=\u00a0\u00bbExempt d&rsquo;halog\u00e8nes\u00a0\u00bb _builder_version=\u00a0\u00bb4.8.0&Prime; _module_preset=\u00a0\u00bbdefault\u00a0\u00bb hover_enabled=\u00a0\u00bb0&Prime; open=\u00a0\u00bboff\u00a0\u00bb sticky_enabled=\u00a0\u00bb0&Prime;]\u00b7 T3 ; XLPE irradiable \u2013 Classe C (de -40\u00ba \u00e0 125\u00ba C) : Petites sections (0,35 mm2) et sections moyennes ou grandes (de 2,5 \u00e0 6 mm2)<br \/>\n\u00b7 T3 ; PP \u2013 Classe C (de -40\u00ba \u00e0 125\u00ba C) : Petites sections (0,35 mm2) et sections moyennes ou grandes (de 2,5 \u00e0 6 mm2)<br \/>\n\u00b7 T4 ; XLPE irradiable \u2013 Classe D (de -40\u00ba \u00e0 150\u00ba C) : Petites sections (0,35 mm2) et sections moyennes ou grandes (de 2,5 \u00e0 6 mm2)[\/et_pb_accordion_item][et_pb_accordion_item title=\u00a0\u00bbFaibles halog\u00e8nes\u00a0\u00bb _builder_version=\u00a0\u00bb4.8.0&Prime; _module_preset=\u00a0\u00bbdefault\u00a0\u00bb hover_enabled=\u00a0\u00bb0&Prime; open=\u00a0\u00bboff\u00a0\u00bb sticky_enabled=\u00a0\u00bb0&Prime;]<\/p>\n<p><span>\u00b7 \u00b7 T3 ; PP brom\u00e9 \u2013 Classe C (de -40\u00ba \u00e0 125\u00ba C)<\/span><\/p>\n<p>[\/et_pb_accordion_item][\/et_pb_accordion][\/et_pb_column][\/et_pb_row][\/et_pb_section]<\/p>\n","protected":false},"excerpt":{"rendered":"<p>Chez CYGSA, nous avons d\u00e9velopp\u00e9 une gamme vari\u00e9e de mat\u00e9riaux techniques destin\u00e9s au secteur de l\u2019automobile : &nbsp; Encapsulage verres de vitre Bandes de protection des ceintures Bourrelets pour housses de si\u00e8ge Poign\u00e9es de freins \u00e0 main, de leviers Injection, rotomoulage de pi\u00e8ces vari\u00e9es\u2026 Nous disposons dans notre catalogue de produits conformes \u00e0 la r\u00e9glementation [&hellip;]<\/p>\n","protected":false},"author":1,"featured_media":0,"parent":0,"menu_order":0,"comment_status":"closed","ping_status":"closed","template":"","meta":{"_et_pb_use_builder":"on","_et_pb_old_content":"","_et_gb_content_width":"","footnotes":""},"class_list":["post-7027","page","type-page","status-publish","hentry"],"yoast_head":"<!-- This site is optimized with the Yoast SEO plugin v23.4 - https:\/\/yoast.com\/wordpress\/plugins\/seo\/ -->\n<title>AUTOMOBILE - Cygsa<\/title>\n<meta name=\"robots\" content=\"index, follow, max-snippet:-1, max-image-preview:large, max-video-preview:-1\" \/>\n<link rel=\"canonical\" href=\"https:\/\/nueva.cygsa.es\/fr\/automovil\/\" \/>\n<meta property=\"og:locale\" content=\"fr_FR\" \/>\n<meta property=\"og:type\" content=\"article\" \/>\n<meta property=\"og:title\" content=\"AUTOMOBILE - Cygsa\" \/>\n<meta property=\"og:description\" content=\"Chez CYGSA, nous avons d\u00e9velopp\u00e9 une gamme vari\u00e9e de mat\u00e9riaux techniques destin\u00e9s au secteur de l\u2019automobile : &nbsp; Encapsulage verres de vitre Bandes de protection des ceintures Bourrelets pour housses de si\u00e8ge Poign\u00e9es de freins \u00e0 main, de leviers Injection, rotomoulage de pi\u00e8ces vari\u00e9es\u2026 Nous disposons dans notre catalogue de produits conformes \u00e0 la r\u00e9glementation [&hellip;]\" \/>\n<meta property=\"og:url\" content=\"https:\/\/nueva.cygsa.es\/fr\/automovil\/\" \/>\n<meta property=\"og:site_name\" content=\"Cygsa\" \/>\n<meta property=\"article:modified_time\" content=\"2021-02-04T14:43:19+00:00\" \/>\n<meta name=\"twitter:card\" content=\"summary_large_image\" \/>\n<meta name=\"twitter:label1\" content=\"Dur\u00e9e de lecture estim\u00e9e\" \/>\n\t<meta name=\"twitter:data1\" content=\"2 minutes\" \/>\n<script type=\"application\/ld+json\" class=\"yoast-schema-graph\">{\"@context\":\"https:\/\/schema.org\",\"@graph\":[{\"@type\":\"WebPage\",\"@id\":\"https:\/\/nueva.cygsa.es\/fr\/automovil\/\",\"url\":\"https:\/\/nueva.cygsa.es\/fr\/automovil\/\",\"name\":\"AUTOMOBILE - Cygsa\",\"isPartOf\":{\"@id\":\"https:\/\/nueva.cygsa.es\/fr\/#website\"},\"datePublished\":\"2021-01-27T11:32:34+00:00\",\"dateModified\":\"2021-02-04T14:43:19+00:00\",\"breadcrumb\":{\"@id\":\"https:\/\/nueva.cygsa.es\/fr\/automovil\/#breadcrumb\"},\"inLanguage\":\"fr-FR\",\"potentialAction\":[{\"@type\":\"ReadAction\",\"target\":[\"https:\/\/nueva.cygsa.es\/fr\/automovil\/\"]}]},{\"@type\":\"BreadcrumbList\",\"@id\":\"https:\/\/nueva.cygsa.es\/fr\/automovil\/#breadcrumb\",\"itemListElement\":[{\"@type\":\"ListItem\",\"position\":1,\"name\":\"Portada\",\"item\":\"https:\/\/nueva.cygsa.es\/fr\/\"},{\"@type\":\"ListItem\",\"position\":2,\"name\":\"AUTOMOBILE\"}]},{\"@type\":\"WebSite\",\"@id\":\"https:\/\/nueva.cygsa.es\/fr\/#website\",\"url\":\"https:\/\/nueva.cygsa.es\/fr\/\",\"name\":\"Cygsa\",\"description\":\"Just another WordPress site\",\"potentialAction\":[{\"@type\":\"SearchAction\",\"target\":{\"@type\":\"EntryPoint\",\"urlTemplate\":\"https:\/\/nueva.cygsa.es\/fr\/?s={search_term_string}\"},\"query-input\":{\"@type\":\"PropertyValueSpecification\",\"valueRequired\":true,\"valueName\":\"search_term_string\"}}],\"inLanguage\":\"fr-FR\"}]}<\/script>\n<!-- \/ Yoast SEO plugin. -->","yoast_head_json":{"title":"AUTOMOBILE - Cygsa","robots":{"index":"index","follow":"follow","max-snippet":"max-snippet:-1","max-image-preview":"max-image-preview:large","max-video-preview":"max-video-preview:-1"},"canonical":"https:\/\/nueva.cygsa.es\/fr\/automovil\/","og_locale":"fr_FR","og_type":"article","og_title":"AUTOMOBILE - Cygsa","og_description":"Chez CYGSA, nous avons d\u00e9velopp\u00e9 une gamme vari\u00e9e de mat\u00e9riaux techniques destin\u00e9s au secteur de l\u2019automobile : &nbsp; Encapsulage verres de vitre Bandes de protection des ceintures Bourrelets pour housses de si\u00e8ge Poign\u00e9es de freins \u00e0 main, de leviers Injection, rotomoulage de pi\u00e8ces vari\u00e9es\u2026 Nous disposons dans notre catalogue de produits conformes \u00e0 la r\u00e9glementation [&hellip;]","og_url":"https:\/\/nueva.cygsa.es\/fr\/automovil\/","og_site_name":"Cygsa","article_modified_time":"2021-02-04T14:43:19+00:00","twitter_card":"summary_large_image","twitter_misc":{"Dur\u00e9e de lecture estim\u00e9e":"2 minutes"},"schema":{"@context":"https:\/\/schema.org","@graph":[{"@type":"WebPage","@id":"https:\/\/nueva.cygsa.es\/fr\/automovil\/","url":"https:\/\/nueva.cygsa.es\/fr\/automovil\/","name":"AUTOMOBILE - Cygsa","isPartOf":{"@id":"https:\/\/nueva.cygsa.es\/fr\/#website"},"datePublished":"2021-01-27T11:32:34+00:00","dateModified":"2021-02-04T14:43:19+00:00","breadcrumb":{"@id":"https:\/\/nueva.cygsa.es\/fr\/automovil\/#breadcrumb"},"inLanguage":"fr-FR","potentialAction":[{"@type":"ReadAction","target":["https:\/\/nueva.cygsa.es\/fr\/automovil\/"]}]},{"@type":"BreadcrumbList","@id":"https:\/\/nueva.cygsa.es\/fr\/automovil\/#breadcrumb","itemListElement":[{"@type":"ListItem","position":1,"name":"Portada","item":"https:\/\/nueva.cygsa.es\/fr\/"},{"@type":"ListItem","position":2,"name":"AUTOMOBILE"}]},{"@type":"WebSite","@id":"https:\/\/nueva.cygsa.es\/fr\/#website","url":"https:\/\/nueva.cygsa.es\/fr\/","name":"Cygsa","description":"Just another WordPress site","potentialAction":[{"@type":"SearchAction","target":{"@type":"EntryPoint","urlTemplate":"https:\/\/nueva.cygsa.es\/fr\/?s={search_term_string}"},"query-input":{"@type":"PropertyValueSpecification","valueRequired":true,"valueName":"search_term_string"}}],"inLanguage":"fr-FR"}]}},"_links":{"self":[{"href":"https:\/\/nueva.cygsa.es\/fr\/wp-json\/wp\/v2\/pages\/7027","targetHints":{"allow":["GET"]}}],"collection":[{"href":"https:\/\/nueva.cygsa.es\/fr\/wp-json\/wp\/v2\/pages"}],"about":[{"href":"https:\/\/nueva.cygsa.es\/fr\/wp-json\/wp\/v2\/types\/page"}],"author":[{"embeddable":true,"href":"https:\/\/nueva.cygsa.es\/fr\/wp-json\/wp\/v2\/users\/1"}],"replies":[{"embeddable":true,"href":"https:\/\/nueva.cygsa.es\/fr\/wp-json\/wp\/v2\/comments?post=7027"}],"version-history":[{"count":3,"href":"https:\/\/nueva.cygsa.es\/fr\/wp-json\/wp\/v2\/pages\/7027\/revisions"}],"predecessor-version":[{"id":7031,"href":"https:\/\/nueva.cygsa.es\/fr\/wp-json\/wp\/v2\/pages\/7027\/revisions\/7031"}],"wp:attachment":[{"href":"https:\/\/nueva.cygsa.es\/fr\/wp-json\/wp\/v2\/media?parent=7027"}],"curies":[{"name":"wp","href":"https:\/\/api.w.org\/{rel}","templated":true}]}}