{"id":7023,"date":"2021-01-20T11:45:41","date_gmt":"2021-01-20T11:45:41","guid":{"rendered":"https:\/\/nueva.cygsa.es\/covid\/"},"modified":"2021-02-04T14:37:50","modified_gmt":"2021-02-04T14:37:50","slug":"covid","status":"publish","type":"page","link":"https:\/\/nueva.cygsa.es\/fr\/covid\/","title":{"rendered":"Covid"},"content":{"rendered":"<p>[et_pb_section fb_built=\u00a0\u00bb1&Prime; _builder_version=\u00a0\u00bb4.8.0&Prime; _module_preset=\u00a0\u00bbdefault\u00a0\u00bb][et_pb_row _builder_version=\u00a0\u00bb4.8.0&Prime; _module_preset=\u00a0\u00bbdefault\u00a0\u00bb][et_pb_column type=\u00a0\u00bb4_4&Prime; _builder_version=\u00a0\u00bb4.8.0&Prime; _module_preset=\u00a0\u00bbdefault\u00a0\u00bb][et_pb_text _builder_version=\u00a0\u00bb4.8.0&Prime; _module_preset=\u00a0\u00bbdefault\u00a0\u00bb hover_enabled=\u00a0\u00bb0&Prime; sticky_enabled=\u00a0\u00bb0&Prime;]<\/p>\n<p>Nous tenons \u00e0 informer que, compte tenu de la propagation du Coronavirus COVID-19, nous avons pris toutes les pr\u00e9cautions n\u00e9cessaires pour assurer la s\u00e9curit\u00e9 de tous nos employ\u00e9s, y compris les prestataires de services, et, en m\u00eame temps, pour permettre des op\u00e9rations de travail normales .<\/p>\n<p>Toutes les mesures de s\u00e9curit\u00e9 et d\u2019hygi\u00e8ne recommand\u00e9es et adopt\u00e9es par les autorit\u00e9s sanitaires nationales ainsi que par le gouvernement espagnol ont \u00e9t\u00e9 adopt\u00e9es et, en outre, certaines mesures suppl\u00e9mentaires ont \u00e9galement \u00e9t\u00e9 prises par CYGSA.<\/p>\n<p>Nous pensons que les mesures adopt\u00e9es \u00e0 la suite de l\u2019\u00e9tat d\u2019urgence d\u00e9clar\u00e9 en Espagne auront peu d\u2019impact sur nos activit\u00e9s et sur le service client.<\/p>\n<p>Malgr\u00e9 les mesures d\u2019urgence mises en place, \u00e0 savoir le t\u00e9l\u00e9travail dans la mesure du possible, toutes nos installations (administratives et de production) sont pleinement op\u00e9rationnelles \u00e0 l\u2019heure actuelle et nous continuerons \u00e0 acheter et \u00e0 fournir tous nos clients r\u00e9guli\u00e8rement et sans probl\u00e8me.<\/p>\n<p>Dans le contexte actuel dans lequel nous d\u00e9veloppons nos op\u00e9rations, nous faisons confiance \u00e0 votre compr\u00e9hension, en cas de retard dans la r\u00e9ponse \u00e0 vos demandes, notamment dans la livraison de nos produits, notamment du fait du contr\u00f4le routier qui pourra \u00eatre mis en place par le national ou autorit\u00e9s \u00e9trang\u00e8res.<\/p>\n<p>Nous suivons attentivement l\u2019\u00e9volution de la situation et nous informerons imm\u00e9diatement de tout changement \u00e9ventuel \u00e0 notre fonctionnement.<\/p>\n<p>Nous sommes disponibles pour toute pr\u00e9cision suppl\u00e9mentaire.<\/p>\n<p>&nbsp;<\/p>\n<p>Le plan d\u2019urgence concernant le COVID-19 est disponible ici.<span>\u00a0<\/span><a href=\"https:\/\/www.cygsa.es\/wp-content\/uploads\/2020\/04\/Plan-actuacion-covid.pdf\" target=\"_blank\" rel=\"noopener noreferrer\">aqu\u00ed<\/a>.<\/p>\n<p>[\/et_pb_text][\/et_pb_column][\/et_pb_row][\/et_pb_section]<\/p>\n","protected":false},"excerpt":{"rendered":"<p>Nous tenons \u00e0 informer que, compte tenu de la propagation du Coronavirus COVID-19, nous avons pris toutes les pr\u00e9cautions n\u00e9cessaires pour assurer la s\u00e9curit\u00e9 de tous nos employ\u00e9s, y compris les prestataires de services, et, en m\u00eame temps, pour permettre des op\u00e9rations de travail normales . Toutes les mesures de s\u00e9curit\u00e9 et d\u2019hygi\u00e8ne recommand\u00e9es et [&hellip;]<\/p>\n","protected":false},"author":1,"featured_media":0,"parent":0,"menu_order":0,"comment_status":"closed","ping_status":"closed","template":"","meta":{"_et_pb_use_builder":"on","_et_pb_old_content":"","_et_gb_content_width":"","footnotes":""},"class_list":["post-7023","page","type-page","status-publish","hentry"],"yoast_head":"<!-- This site is optimized with the Yoast SEO plugin v23.4 - https:\/\/yoast.com\/wordpress\/plugins\/seo\/ -->\n<title>Covid - Cygsa<\/title>\n<meta name=\"robots\" content=\"index, follow, max-snippet:-1, max-image-preview:large, max-video-preview:-1\" \/>\n<link rel=\"canonical\" href=\"https:\/\/nueva.cygsa.es\/fr\/covid\/\" \/>\n<meta property=\"og:locale\" content=\"fr_FR\" \/>\n<meta property=\"og:type\" content=\"article\" \/>\n<meta property=\"og:title\" content=\"Covid - Cygsa\" \/>\n<meta property=\"og:description\" content=\"Nous tenons \u00e0 informer que, compte tenu de la propagation du Coronavirus COVID-19, nous avons pris toutes les pr\u00e9cautions n\u00e9cessaires pour assurer la s\u00e9curit\u00e9 de tous nos employ\u00e9s, y compris les prestataires de services, et, en m\u00eame temps, pour permettre des op\u00e9rations de travail normales . Toutes les mesures de s\u00e9curit\u00e9 et d\u2019hygi\u00e8ne recommand\u00e9es et [&hellip;]\" \/>\n<meta property=\"og:url\" content=\"https:\/\/nueva.cygsa.es\/fr\/covid\/\" \/>\n<meta property=\"og:site_name\" content=\"Cygsa\" \/>\n<meta property=\"article:modified_time\" content=\"2021-02-04T14:37:50+00:00\" \/>\n<meta name=\"twitter:card\" content=\"summary_large_image\" \/>\n<meta name=\"twitter:label1\" content=\"Dur\u00e9e de lecture estim\u00e9e\" \/>\n\t<meta name=\"twitter:data1\" content=\"2 minutes\" \/>\n<script type=\"application\/ld+json\" class=\"yoast-schema-graph\">{\"@context\":\"https:\/\/schema.org\",\"@graph\":[{\"@type\":\"WebPage\",\"@id\":\"https:\/\/nueva.cygsa.es\/fr\/covid\/\",\"url\":\"https:\/\/nueva.cygsa.es\/fr\/covid\/\",\"name\":\"Covid - Cygsa\",\"isPartOf\":{\"@id\":\"https:\/\/nueva.cygsa.es\/fr\/#website\"},\"datePublished\":\"2021-01-20T11:45:41+00:00\",\"dateModified\":\"2021-02-04T14:37:50+00:00\",\"breadcrumb\":{\"@id\":\"https:\/\/nueva.cygsa.es\/fr\/covid\/#breadcrumb\"},\"inLanguage\":\"fr-FR\",\"potentialAction\":[{\"@type\":\"ReadAction\",\"target\":[\"https:\/\/nueva.cygsa.es\/fr\/covid\/\"]}]},{\"@type\":\"BreadcrumbList\",\"@id\":\"https:\/\/nueva.cygsa.es\/fr\/covid\/#breadcrumb\",\"itemListElement\":[{\"@type\":\"ListItem\",\"position\":1,\"name\":\"Portada\",\"item\":\"https:\/\/nueva.cygsa.es\/fr\/\"},{\"@type\":\"ListItem\",\"position\":2,\"name\":\"Covid\"}]},{\"@type\":\"WebSite\",\"@id\":\"https:\/\/nueva.cygsa.es\/fr\/#website\",\"url\":\"https:\/\/nueva.cygsa.es\/fr\/\",\"name\":\"Cygsa\",\"description\":\"Just another WordPress site\",\"potentialAction\":[{\"@type\":\"SearchAction\",\"target\":{\"@type\":\"EntryPoint\",\"urlTemplate\":\"https:\/\/nueva.cygsa.es\/fr\/?s={search_term_string}\"},\"query-input\":{\"@type\":\"PropertyValueSpecification\",\"valueRequired\":true,\"valueName\":\"search_term_string\"}}],\"inLanguage\":\"fr-FR\"}]}<\/script>\n<!-- \/ Yoast SEO plugin. -->","yoast_head_json":{"title":"Covid - Cygsa","robots":{"index":"index","follow":"follow","max-snippet":"max-snippet:-1","max-image-preview":"max-image-preview:large","max-video-preview":"max-video-preview:-1"},"canonical":"https:\/\/nueva.cygsa.es\/fr\/covid\/","og_locale":"fr_FR","og_type":"article","og_title":"Covid - Cygsa","og_description":"Nous tenons \u00e0 informer que, compte tenu de la propagation du Coronavirus COVID-19, nous avons pris toutes les pr\u00e9cautions n\u00e9cessaires pour assurer la s\u00e9curit\u00e9 de tous nos employ\u00e9s, y compris les prestataires de services, et, en m\u00eame temps, pour permettre des op\u00e9rations de travail normales . Toutes les mesures de s\u00e9curit\u00e9 et d\u2019hygi\u00e8ne recommand\u00e9es et [&hellip;]","og_url":"https:\/\/nueva.cygsa.es\/fr\/covid\/","og_site_name":"Cygsa","article_modified_time":"2021-02-04T14:37:50+00:00","twitter_card":"summary_large_image","twitter_misc":{"Dur\u00e9e de lecture estim\u00e9e":"2 minutes"},"schema":{"@context":"https:\/\/schema.org","@graph":[{"@type":"WebPage","@id":"https:\/\/nueva.cygsa.es\/fr\/covid\/","url":"https:\/\/nueva.cygsa.es\/fr\/covid\/","name":"Covid - Cygsa","isPartOf":{"@id":"https:\/\/nueva.cygsa.es\/fr\/#website"},"datePublished":"2021-01-20T11:45:41+00:00","dateModified":"2021-02-04T14:37:50+00:00","breadcrumb":{"@id":"https:\/\/nueva.cygsa.es\/fr\/covid\/#breadcrumb"},"inLanguage":"fr-FR","potentialAction":[{"@type":"ReadAction","target":["https:\/\/nueva.cygsa.es\/fr\/covid\/"]}]},{"@type":"BreadcrumbList","@id":"https:\/\/nueva.cygsa.es\/fr\/covid\/#breadcrumb","itemListElement":[{"@type":"ListItem","position":1,"name":"Portada","item":"https:\/\/nueva.cygsa.es\/fr\/"},{"@type":"ListItem","position":2,"name":"Covid"}]},{"@type":"WebSite","@id":"https:\/\/nueva.cygsa.es\/fr\/#website","url":"https:\/\/nueva.cygsa.es\/fr\/","name":"Cygsa","description":"Just another WordPress site","potentialAction":[{"@type":"SearchAction","target":{"@type":"EntryPoint","urlTemplate":"https:\/\/nueva.cygsa.es\/fr\/?s={search_term_string}"},"query-input":{"@type":"PropertyValueSpecification","valueRequired":true,"valueName":"search_term_string"}}],"inLanguage":"fr-FR"}]}},"_links":{"self":[{"href":"https:\/\/nueva.cygsa.es\/fr\/wp-json\/wp\/v2\/pages\/7023","targetHints":{"allow":["GET"]}}],"collection":[{"href":"https:\/\/nueva.cygsa.es\/fr\/wp-json\/wp\/v2\/pages"}],"about":[{"href":"https:\/\/nueva.cygsa.es\/fr\/wp-json\/wp\/v2\/types\/page"}],"author":[{"embeddable":true,"href":"https:\/\/nueva.cygsa.es\/fr\/wp-json\/wp\/v2\/users\/1"}],"replies":[{"embeddable":true,"href":"https:\/\/nueva.cygsa.es\/fr\/wp-json\/wp\/v2\/comments?post=7023"}],"version-history":[{"count":2,"href":"https:\/\/nueva.cygsa.es\/fr\/wp-json\/wp\/v2\/pages\/7023\/revisions"}],"predecessor-version":[{"id":7026,"href":"https:\/\/nueva.cygsa.es\/fr\/wp-json\/wp\/v2\/pages\/7023\/revisions\/7026"}],"wp:attachment":[{"href":"https:\/\/nueva.cygsa.es\/fr\/wp-json\/wp\/v2\/media?parent=7023"}],"curies":[{"name":"wp","href":"https:\/\/api.w.org\/{rel}","templated":true}]}}