{"id":7004,"date":"2021-01-20T12:01:01","date_gmt":"2021-01-20T12:01:01","guid":{"rendered":"https:\/\/nueva.cygsa.es\/proyectos\/"},"modified":"2021-02-04T14:21:29","modified_gmt":"2021-02-04T14:21:29","slug":"proyectos","status":"publish","type":"page","link":"https:\/\/nueva.cygsa.es\/fr\/proyectos\/","title":{"rendered":"Proyets"},"content":{"rendered":"<p>[et_pb_section fb_built=\u00a0\u00bb1&Prime; _builder_version=\u00a0\u00bb4.8.0&Prime; _module_preset=\u00a0\u00bbdefault\u00a0\u00bb][et_pb_row _builder_version=\u00a0\u00bb4.8.0&Prime; _module_preset=\u00a0\u00bbdefault\u00a0\u00bb][et_pb_column type=\u00a0\u00bb4_4&Prime; _builder_version=\u00a0\u00bb4.8.0&Prime; _module_preset=\u00a0\u00bbdefault\u00a0\u00bb][et_pb_cta _builder_version=\u00a0\u00bb4.8.0&Prime; _module_preset=\u00a0\u00bbdefault\u00a0\u00bb header_level=\u00a0\u00bbh1&Prime; header_text_color=\u00a0\u00bb#000000&Prime; body_text_color=\u00a0\u00bb#000000&Prime; background_color=\u00a0\u00bbrgba(229,229,229,0.56)\u00a0\u00bb hover_enabled=\u00a0\u00bb0&Prime; sticky_enabled=\u00a0\u00bb0&Prime;]<\/p>\n<h1><span style=\"color: #99cc00;\"><strong>Notre pari: <\/strong><\/span>\u00a0<span style=\"color: #000;\">l\u2019innovation<\/span><\/h1>\n<p>La vision de CYGSA est de mettre en marche des mesures sp\u00e9cifiques de soutien au transfert de technologie et \u00e0 la comp\u00e9titivit\u00e9 industrielle en incitant  \u00e0 l\u2019innovation<\/p>\n<p>[\/et_pb_cta][\/et_pb_column][\/et_pb_row][\/et_pb_section][et_pb_section fb_built=\u00a0\u00bb1&Prime; _builder_version=\u00a0\u00bb4.8.0&Prime; _module_preset=\u00a0\u00bbdefault\u00a0\u00bb][et_pb_row column_structure=\u00a0\u00bb1_2,1_2&Prime; _builder_version=\u00a0\u00bb4.8.0&Prime; _module_preset=\u00a0\u00bbdefault\u00a0\u00bb][et_pb_column type=\u00a0\u00bb1_2&Prime; _builder_version=\u00a0\u00bb4.8.0&Prime; _module_preset=\u00a0\u00bbdefault\u00a0\u00bb][et_pb_tabs _builder_version=\u00a0\u00bb4.8.0&Prime; _module_preset=\u00a0\u00bbdefault\u00a0\u00bb tab_font_size=\u00a0\u00bb16px\u00a0\u00bb tab_line_height=\u00a0\u00bb3em\u00a0\u00bb][et_pb_tab title=\u00a0\u00bbDept. T\u00e9cnico\u00a0\u00bb _builder_version=\u00a0\u00bb4.8.0&Prime; _module_preset=\u00a0\u00bbdefault\u00a0\u00bb]<\/p>\n<h2>D\u00c9PARTEMENT TECHNIQUE<\/h2>\n<p>Nous disposons d\u2019une technologie d\u2019avant-garde vari\u00e9e pour contr\u00f4ler la qualit\u00e9 et le d\u00e9veloppement de nouveaux projets et de nouvelles formules (essais de rh\u00e9ologie et de comportement face \u00e0 l\u2019extrusion, spectro-colorim\u00e9trie, \u00e9quipement pour mesurer le taux en oxyg\u00e8ne LOI, d\u00e9termination du taux de fluidit\u00e9, etc.)<\/p>\n<p>Nous comptons en outre sur le soutien direct des entreprises de notre groupe (Shin-Etsu, Cires et Previnil), et sur la collaboration de diff\u00e9rents centres technologiques.<\/p>\n<p>[\/et_pb_tab][et_pb_tab title=\u00a0\u00bbCertifications\u00a0\u00bb _builder_version=\u00a0\u00bb4.8.0&Prime; _module_preset=\u00a0\u00bbdefault\u00a0\u00bb]<\/p>\n<h2>CERTIFICATIONS DE PRODUITS<\/h2>\n<ul id=\"checklist-1\" class=\"list-icon circle-no list-icon-star\">\n<li>Certificat profil\u00e9 fen\u00eatre CSTB (NF 126)<\/li>\n<li>Essai de r\u00e9action au feu des mat\u00e9riaux de construction (NF P 95-501) Classification M1<\/li>\n<li>Essai de non propagation des incendies (CEIS)<\/li>\n<li>Norme NF pour profil\u00e9s en PVC rigides avec application ext\u00e9rieure (LNE)<\/li>\n<li>Certificat WRAS \u2013 Apte au contact avec l\u2019eau potable (BS 6920-1:2000)<\/li>\n<\/ul>\n<p>[\/et_pb_tab][\/et_pb_tabs][\/et_pb_column][et_pb_column type=\u00a0\u00bb1_2&Prime; _builder_version=\u00a0\u00bb4.8.0&Prime; _module_preset=\u00a0\u00bbdefault\u00a0\u00bb][et_pb_image src=\u00a0\u00bbhttps:\/\/nueva.cygsa.es\/wp-content\/uploads\/2014\/12\/soste2.png\u00a0\u00bb title_text=\u00a0\u00bbsoste2&Prime; _builder_version=\u00a0\u00bb4.8.0&Prime; _module_preset=\u00a0\u00bbdefault\u00a0\u00bb][\/et_pb_image][\/et_pb_column][\/et_pb_row][\/et_pb_section][et_pb_section fb_built=\u00a0\u00bb1&Prime; _builder_version=\u00a0\u00bb4.8.0&Prime; _module_preset=\u00a0\u00bbdefault\u00a0\u00bb custom_padding=\u00a0\u00bb||0px|||\u00a0\u00bb][et_pb_row _builder_version=\u00a0\u00bb4.8.0&Prime; _module_preset=\u00a0\u00bbdefault\u00a0\u00bb][et_pb_column type=\u00a0\u00bb4_4&Prime; _builder_version=\u00a0\u00bb4.8.0&Prime; _module_preset=\u00a0\u00bbdefault\u00a0\u00bb][et_pb_image src=\u00a0\u00bbhttps:\/\/nueva.cygsa.es\/wp-content\/uploads\/2021\/01\/logos_centros.jpg\u00a0\u00bb title_text=\u00a0\u00bblogos_centros\u00a0\u00bb _builder_version=\u00a0\u00bb4.8.0&Prime; _module_preset=\u00a0\u00bbdefault\u00a0\u00bb][\/et_pb_image][\/et_pb_column][\/et_pb_row][\/et_pb_section][et_pb_section fb_built=\u00a0\u00bb1&Prime; _builder_version=\u00a0\u00bb4.8.0&Prime; _module_preset=\u00a0\u00bbdefault\u00a0\u00bb custom_padding=\u00a0\u00bb3px||6px|||\u00a0\u00bb][et_pb_row _builder_version=\u00a0\u00bb4.8.0&Prime; _module_preset=\u00a0\u00bbdefault\u00a0\u00bb][et_pb_column type=\u00a0\u00bb4_4&Prime; _builder_version=\u00a0\u00bb4.8.0&Prime; _module_preset=\u00a0\u00bbdefault\u00a0\u00bb][et_pb_text _builder_version=\u00a0\u00bb4.8.0&Prime; _module_preset=\u00a0\u00bbdefault\u00a0\u00bb]<\/p>\n<p style=\"text-align: left;\"><img loading=\"lazy\" decoding=\"async\" src=\"https:\/\/nueva.cygsa.es\/wp-content\/uploads\/2014\/12\/logofeder.jpg\" width=\"187\" height=\"89\" alt=\"\" class=\"wp-image-5626 alignnone size-full\" style=\"float: right;\" \/>*Esta empresa ha recibido una ayuda cofinanciada al 50% por el Gobierno de Navarra y el Fondo Europeo de Desarrollo Regional a trav\u00e9s del Programa Operativo FEDER 2014-2020 de Navarra.<br \/> Enpresa honek laguntza bat jaso du, erdi bana (%50) finantzatu dutena Nafarroako Gobernuak eta Eskualde Garapeneko Europako Funtsak, Nafarroako EGEF 2014-2020 Programa Eragilearen bidez.<\/p>\n<p>Esta empresa ha recibido una subvenci\u00f3n del Gobierno de Navarra en virtud de la convocatoria de 2016 para inversiones en adaptaci\u00f3n de equipos y lugares de trabajo.<\/p>\n<p>*Esta empresa est\u00e1 realizando el proyecto de \u201cSUSTITUCI\u00d3N DE COMPRESORES DE LA INSTALACI\u00d3N DE AIRE COMPRIMIDO ACTUAL POR COMPRESOR CON VARIADOR DE VELOCIDAD\u201d, acogido a la l\u00ednea de ayudas de ahorro y eficiencia energ\u00e9tica en PYME y gran empresa del sector industrial, cofinanciada por el Fondo Europeo de Desarrollo Regional (FEDER), y gestionada por el IDAE con cargo al Fondo Nacional de Eficiencia Energ\u00e9tica, con el objetivo de conseguir una econom\u00eda m\u00e1s limpia y sostenible.<\/p>\n<p>La inversi\u00f3n prevista asciende a 185.169 euros, con una ayuda prevista de 9.370 euros. El ahorro energ\u00e9tico es de 152. 600 Kw\/hr a\u00f1o (20% sobre situaci\u00f3n anterior).<\/p>\n<p><span><img loading=\"lazy\" decoding=\"async\" src=\"https:\/\/nueva.cygsa.es\/wp-content\/uploads\/2017\/04\/logo-MICIN-300x65.jpg\" width=\"300\" height=\"65\" alt=\"\" class=\"wp-image-5694 alignnone size-medium\" style=\"float: right;\" \/>La sociedad participa en un proyecto de investigaci\u00f3n correspondiente a la convocatoria RETOS-COLABORACI\u00d3N 2016. El presupuesto del proyecto ha sido financiado por el Ministerio de Econom\u00eda y Competitividad.<\/span><\/p>\n<p>[\/et_pb_text][\/et_pb_column][\/et_pb_row][\/et_pb_section][et_pb_section fb_built=\u00a0\u00bb1&Prime; _builder_version=\u00a0\u00bb4.8.0&Prime; _module_preset=\u00a0\u00bbdefault\u00a0\u00bb][et_pb_row _builder_version=\u00a0\u00bb4.8.0&Prime; _module_preset=\u00a0\u00bbdefault\u00a0\u00bb][et_pb_column type=\u00a0\u00bb4_4&Prime; _builder_version=\u00a0\u00bb4.8.0&Prime; _module_preset=\u00a0\u00bbdefault\u00a0\u00bb][et_pb_text _builder_version=\u00a0\u00bb4.8.0&Prime; _module_preset=\u00a0\u00bbdefault\u00a0\u00bb]<\/p>\n<h1>PROJETS I+D+i<\/h1>\n<p>[\/et_pb_text][et_pb_blog fullwidth=\u00a0\u00bboff\u00a0\u00bb include_categories=\u00a0\u00bball\u00a0\u00bb show_author=\u00a0\u00bboff\u00a0\u00bb _builder_version=\u00a0\u00bb4.8.0&Prime; _module_preset=\u00a0\u00bbdefault\u00a0\u00bb][\/et_pb_blog][\/et_pb_column][\/et_pb_row][\/et_pb_section]<\/p>\n","protected":false},"excerpt":{"rendered":"<p>Notre pari: \u00a0l\u2019innovation La vision de CYGSA est de mettre en marche des mesures sp\u00e9cifiques de soutien au transfert de technologie et \u00e0 la comp\u00e9titivit\u00e9 industrielle en incitant \u00e0 l\u2019innovationD\u00c9PARTEMENT TECHNIQUE Nous disposons d\u2019une technologie d\u2019avant-garde vari\u00e9e pour contr\u00f4ler la qualit\u00e9 et le d\u00e9veloppement de nouveaux projets et de nouvelles formules (essais de rh\u00e9ologie et [&hellip;]<\/p>\n","protected":false},"author":1,"featured_media":0,"parent":0,"menu_order":0,"comment_status":"closed","ping_status":"closed","template":"","meta":{"_et_pb_use_builder":"on","_et_pb_old_content":"","_et_gb_content_width":"","footnotes":""},"class_list":["post-7004","page","type-page","status-publish","hentry"],"yoast_head":"<!-- This site is optimized with the Yoast SEO plugin v23.4 - https:\/\/yoast.com\/wordpress\/plugins\/seo\/ -->\n<title>Proyets - Cygsa<\/title>\n<meta name=\"robots\" content=\"index, follow, max-snippet:-1, max-image-preview:large, max-video-preview:-1\" \/>\n<link rel=\"canonical\" href=\"https:\/\/nueva.cygsa.es\/fr\/proyectos\/\" \/>\n<meta property=\"og:locale\" content=\"fr_FR\" \/>\n<meta property=\"og:type\" content=\"article\" \/>\n<meta property=\"og:title\" content=\"Proyets - Cygsa\" \/>\n<meta property=\"og:description\" content=\"Notre pari: \u00a0l\u2019innovation La vision de CYGSA est de mettre en marche des mesures sp\u00e9cifiques de soutien au transfert de technologie et \u00e0 la comp\u00e9titivit\u00e9 industrielle en incitant \u00e0 l\u2019innovationD\u00c9PARTEMENT TECHNIQUE Nous disposons d\u2019une technologie d\u2019avant-garde vari\u00e9e pour contr\u00f4ler la qualit\u00e9 et le d\u00e9veloppement de nouveaux projets et de nouvelles formules (essais de rh\u00e9ologie et [&hellip;]\" \/>\n<meta property=\"og:url\" content=\"https:\/\/nueva.cygsa.es\/fr\/proyectos\/\" \/>\n<meta property=\"og:site_name\" content=\"Cygsa\" \/>\n<meta property=\"article:modified_time\" content=\"2021-02-04T14:21:29+00:00\" \/>\n<meta property=\"og:image\" content=\"https:\/\/nueva.cygsa.es\/wp-content\/uploads\/2014\/12\/logofeder.jpg\" \/>\n<meta name=\"twitter:card\" content=\"summary_large_image\" \/>\n<meta name=\"twitter:label1\" content=\"Dur\u00e9e de lecture estim\u00e9e\" \/>\n\t<meta name=\"twitter:data1\" content=\"4 minutes\" \/>\n<script type=\"application\/ld+json\" class=\"yoast-schema-graph\">{\"@context\":\"https:\/\/schema.org\",\"@graph\":[{\"@type\":\"WebPage\",\"@id\":\"https:\/\/nueva.cygsa.es\/fr\/proyectos\/\",\"url\":\"https:\/\/nueva.cygsa.es\/fr\/proyectos\/\",\"name\":\"Proyets - Cygsa\",\"isPartOf\":{\"@id\":\"https:\/\/nueva.cygsa.es\/fr\/#website\"},\"primaryImageOfPage\":{\"@id\":\"https:\/\/nueva.cygsa.es\/fr\/proyectos\/#primaryimage\"},\"image\":{\"@id\":\"https:\/\/nueva.cygsa.es\/fr\/proyectos\/#primaryimage\"},\"thumbnailUrl\":\"https:\/\/nueva.cygsa.es\/wp-content\/uploads\/2014\/12\/logofeder.jpg\",\"datePublished\":\"2021-01-20T12:01:01+00:00\",\"dateModified\":\"2021-02-04T14:21:29+00:00\",\"breadcrumb\":{\"@id\":\"https:\/\/nueva.cygsa.es\/fr\/proyectos\/#breadcrumb\"},\"inLanguage\":\"fr-FR\",\"potentialAction\":[{\"@type\":\"ReadAction\",\"target\":[\"https:\/\/nueva.cygsa.es\/fr\/proyectos\/\"]}]},{\"@type\":\"ImageObject\",\"inLanguage\":\"fr-FR\",\"@id\":\"https:\/\/nueva.cygsa.es\/fr\/proyectos\/#primaryimage\",\"url\":\"https:\/\/nueva.cygsa.es\/wp-content\/uploads\/2014\/12\/logofeder.jpg\",\"contentUrl\":\"https:\/\/nueva.cygsa.es\/wp-content\/uploads\/2014\/12\/logofeder.jpg\"},{\"@type\":\"BreadcrumbList\",\"@id\":\"https:\/\/nueva.cygsa.es\/fr\/proyectos\/#breadcrumb\",\"itemListElement\":[{\"@type\":\"ListItem\",\"position\":1,\"name\":\"Portada\",\"item\":\"https:\/\/nueva.cygsa.es\/fr\/\"},{\"@type\":\"ListItem\",\"position\":2,\"name\":\"Proyets\"}]},{\"@type\":\"WebSite\",\"@id\":\"https:\/\/nueva.cygsa.es\/fr\/#website\",\"url\":\"https:\/\/nueva.cygsa.es\/fr\/\",\"name\":\"Cygsa\",\"description\":\"Just another WordPress site\",\"potentialAction\":[{\"@type\":\"SearchAction\",\"target\":{\"@type\":\"EntryPoint\",\"urlTemplate\":\"https:\/\/nueva.cygsa.es\/fr\/?s={search_term_string}\"},\"query-input\":{\"@type\":\"PropertyValueSpecification\",\"valueRequired\":true,\"valueName\":\"search_term_string\"}}],\"inLanguage\":\"fr-FR\"}]}<\/script>\n<!-- \/ Yoast SEO plugin. -->","yoast_head_json":{"title":"Proyets - Cygsa","robots":{"index":"index","follow":"follow","max-snippet":"max-snippet:-1","max-image-preview":"max-image-preview:large","max-video-preview":"max-video-preview:-1"},"canonical":"https:\/\/nueva.cygsa.es\/fr\/proyectos\/","og_locale":"fr_FR","og_type":"article","og_title":"Proyets - Cygsa","og_description":"Notre pari: \u00a0l\u2019innovation La vision de CYGSA est de mettre en marche des mesures sp\u00e9cifiques de soutien au transfert de technologie et \u00e0 la comp\u00e9titivit\u00e9 industrielle en incitant \u00e0 l\u2019innovationD\u00c9PARTEMENT TECHNIQUE Nous disposons d\u2019une technologie d\u2019avant-garde vari\u00e9e pour contr\u00f4ler la qualit\u00e9 et le d\u00e9veloppement de nouveaux projets et de nouvelles formules (essais de rh\u00e9ologie et [&hellip;]","og_url":"https:\/\/nueva.cygsa.es\/fr\/proyectos\/","og_site_name":"Cygsa","article_modified_time":"2021-02-04T14:21:29+00:00","og_image":[{"url":"https:\/\/nueva.cygsa.es\/wp-content\/uploads\/2014\/12\/logofeder.jpg"}],"twitter_card":"summary_large_image","twitter_misc":{"Dur\u00e9e de lecture estim\u00e9e":"4 minutes"},"schema":{"@context":"https:\/\/schema.org","@graph":[{"@type":"WebPage","@id":"https:\/\/nueva.cygsa.es\/fr\/proyectos\/","url":"https:\/\/nueva.cygsa.es\/fr\/proyectos\/","name":"Proyets - Cygsa","isPartOf":{"@id":"https:\/\/nueva.cygsa.es\/fr\/#website"},"primaryImageOfPage":{"@id":"https:\/\/nueva.cygsa.es\/fr\/proyectos\/#primaryimage"},"image":{"@id":"https:\/\/nueva.cygsa.es\/fr\/proyectos\/#primaryimage"},"thumbnailUrl":"https:\/\/nueva.cygsa.es\/wp-content\/uploads\/2014\/12\/logofeder.jpg","datePublished":"2021-01-20T12:01:01+00:00","dateModified":"2021-02-04T14:21:29+00:00","breadcrumb":{"@id":"https:\/\/nueva.cygsa.es\/fr\/proyectos\/#breadcrumb"},"inLanguage":"fr-FR","potentialAction":[{"@type":"ReadAction","target":["https:\/\/nueva.cygsa.es\/fr\/proyectos\/"]}]},{"@type":"ImageObject","inLanguage":"fr-FR","@id":"https:\/\/nueva.cygsa.es\/fr\/proyectos\/#primaryimage","url":"https:\/\/nueva.cygsa.es\/wp-content\/uploads\/2014\/12\/logofeder.jpg","contentUrl":"https:\/\/nueva.cygsa.es\/wp-content\/uploads\/2014\/12\/logofeder.jpg"},{"@type":"BreadcrumbList","@id":"https:\/\/nueva.cygsa.es\/fr\/proyectos\/#breadcrumb","itemListElement":[{"@type":"ListItem","position":1,"name":"Portada","item":"https:\/\/nueva.cygsa.es\/fr\/"},{"@type":"ListItem","position":2,"name":"Proyets"}]},{"@type":"WebSite","@id":"https:\/\/nueva.cygsa.es\/fr\/#website","url":"https:\/\/nueva.cygsa.es\/fr\/","name":"Cygsa","description":"Just another WordPress site","potentialAction":[{"@type":"SearchAction","target":{"@type":"EntryPoint","urlTemplate":"https:\/\/nueva.cygsa.es\/fr\/?s={search_term_string}"},"query-input":{"@type":"PropertyValueSpecification","valueRequired":true,"valueName":"search_term_string"}}],"inLanguage":"fr-FR"}]}},"_links":{"self":[{"href":"https:\/\/nueva.cygsa.es\/fr\/wp-json\/wp\/v2\/pages\/7004","targetHints":{"allow":["GET"]}}],"collection":[{"href":"https:\/\/nueva.cygsa.es\/fr\/wp-json\/wp\/v2\/pages"}],"about":[{"href":"https:\/\/nueva.cygsa.es\/fr\/wp-json\/wp\/v2\/types\/page"}],"author":[{"embeddable":true,"href":"https:\/\/nueva.cygsa.es\/fr\/wp-json\/wp\/v2\/users\/1"}],"replies":[{"embeddable":true,"href":"https:\/\/nueva.cygsa.es\/fr\/wp-json\/wp\/v2\/comments?post=7004"}],"version-history":[{"count":6,"href":"https:\/\/nueva.cygsa.es\/fr\/wp-json\/wp\/v2\/pages\/7004\/revisions"}],"predecessor-version":[{"id":7012,"href":"https:\/\/nueva.cygsa.es\/fr\/wp-json\/wp\/v2\/pages\/7004\/revisions\/7012"}],"wp:attachment":[{"href":"https:\/\/nueva.cygsa.es\/fr\/wp-json\/wp\/v2\/media?parent=7004"}],"curies":[{"name":"wp","href":"https:\/\/api.w.org\/{rel}","templated":true}]}}