{"id":6980,"date":"2021-01-20T11:58:42","date_gmt":"2021-01-20T11:58:42","guid":{"rendered":"https:\/\/nueva.cygsa.es\/poliolefinicos\/"},"modified":"2021-02-03T11:40:59","modified_gmt":"2021-02-03T11:40:59","slug":"poliolefinicos","status":"publish","type":"page","link":"https:\/\/nueva.cygsa.es\/fr\/poliolefinicos\/","title":{"rendered":"poly\u00e9thyl\u00e9niques"},"content":{"rendered":"<p>[et_pb_section fb_built=\u00a0\u00bb1&Prime; _builder_version=\u00a0\u00bb4.8.0&Prime; _module_preset=\u00a0\u00bbdefault\u00a0\u00bb custom_padding=\u00a0\u00bb||9px|||\u00a0\u00bb][et_pb_row _builder_version=\u00a0\u00bb4.8.0&Prime; _module_preset=\u00a0\u00bbdefault\u00a0\u00bb][et_pb_column type=\u00a0\u00bb4_4&Prime; _builder_version=\u00a0\u00bb4.8.0&Prime; _module_preset=\u00a0\u00bbdefault\u00a0\u00bb][et_pb_text _builder_version=\u00a0\u00bb4.8.0&Prime; _module_preset=\u00a0\u00bbdefault\u00a0\u00bb]<\/p>\n<h1>Compos\u00e9s poly\u00e9thyl\u00e9niques<\/h1>\n<p>&nbsp;<\/p>\n<p>\u00a0<strong>Libre Hal\u00f3genos \/ SBS<\/strong><\/p>\n<p><span>Depuis plusieurs ann\u00e9es, CYGSA a innov\u00e9 et d\u00e9velopp\u00e9 une autre gamme de compos\u00e9s plus connue comme \u00ab exempte d\u2019halog\u00e8nes \u00bb et dont la principale application vise l\u2019extrusion de c\u00e2bles \u00e9lectriques\/de t\u00e9l\u00e9communication et de c\u00e2bles pour l\u2019automobile.<\/span><\/p>\n<p>[\/et_pb_text][\/et_pb_column][\/et_pb_row][et_pb_row _builder_version=\u00a0\u00bb4.8.0&Prime; _module_preset=\u00a0\u00bbdefault\u00a0\u00bb hover_enabled=\u00a0\u00bb0&Prime; sticky_enabled=\u00a0\u00bb0&Prime;][et_pb_column type=\u00a0\u00bb4_4&Prime; _builder_version=\u00a0\u00bb4.8.0&Prime; _module_preset=\u00a0\u00bbdefault\u00a0\u00bb][et_pb_slider arrows_custom_color=\u00a0\u00bb#000000&Prime; dot_nav_custom_color=\u00a0\u00bb#000000&Prime; _builder_version=\u00a0\u00bb4.8.0&Prime; _module_preset=\u00a0\u00bbdefault\u00a0\u00bb hover_enabled=\u00a0\u00bb0&Prime; height=\u00a0\u00bb600px\u00a0\u00bb sticky_enabled=\u00a0\u00bb0&Prime;][et_pb_slide _builder_version=\u00a0\u00bb4.8.0&Prime; _module_preset=\u00a0\u00bbdefault\u00a0\u00bb background_color=\u00a0\u00bb#FFFFFF\u00a0\u00bb background_enable_color=\u00a0\u00bbon\u00a0\u00bb background_image=\u00a0\u00bbhttps:\/\/nueva.cygsa.es\/wp-content\/uploads\/2015\/02\/calzado1.jpg\u00a0\u00bb background_enable_image=\u00a0\u00bbon\u00a0\u00bb background_size=\u00a0\u00bbcontain\u00a0\u00bb sticky_transition=\u00a0\u00bbon\u00a0\u00bb][\/et_pb_slide][et_pb_slide _builder_version=\u00a0\u00bb4.8.0&Prime; _module_preset=\u00a0\u00bbdefault\u00a0\u00bb background_color=\u00a0\u00bb#FFFFFF\u00a0\u00bb background_enable_color=\u00a0\u00bbon\u00a0\u00bb background_image=\u00a0\u00bbhttps:\/\/nueva.cygsa.es\/wp-content\/uploads\/2015\/02\/paneles.jpg\u00a0\u00bb background_enable_image=\u00a0\u00bbon\u00a0\u00bb background_size=\u00a0\u00bbcontain\u00a0\u00bb sticky_transition=\u00a0\u00bbon\u00a0\u00bb][\/et_pb_slide][et_pb_slide _builder_version=\u00a0\u00bb4.8.0&Prime; _module_preset=\u00a0\u00bbdefault\u00a0\u00bb background_color=\u00a0\u00bb#FFFFFF\u00a0\u00bb background_enable_color=\u00a0\u00bbon\u00a0\u00bb background_image=\u00a0\u00bbhttps:\/\/nueva.cygsa.es\/wp-content\/uploads\/2015\/02\/tapones.jpg\u00a0\u00bb background_enable_image=\u00a0\u00bbon\u00a0\u00bb background_size=\u00a0\u00bbcontain\u00a0\u00bb sticky_transition=\u00a0\u00bbon\u00a0\u00bb][\/et_pb_slide][et_pb_slide _builder_version=\u00a0\u00bb4.8.0&Prime; _module_preset=\u00a0\u00bbdefault\u00a0\u00bb background_color=\u00a0\u00bb#FFFFFF\u00a0\u00bb background_enable_color=\u00a0\u00bbon\u00a0\u00bb background_image=\u00a0\u00bbhttps:\/\/nueva.cygsa.es\/wp-content\/uploads\/2015\/02\/0_cable.jpg\u00a0\u00bb background_enable_image=\u00a0\u00bbon\u00a0\u00bb background_size=\u00a0\u00bbcontain\u00a0\u00bb sticky_transition=\u00a0\u00bbon\u00a0\u00bb][\/et_pb_slide][\/et_pb_slider][\/et_pb_column][\/et_pb_row][\/et_pb_section][et_pb_section fb_built=\u00a0\u00bb1&Prime; _builder_version=\u00a0\u00bb4.8.0&Prime; _module_preset=\u00a0\u00bbdefault\u00a0\u00bb custom_padding=\u00a0\u00bb0px|||||\u00a0\u00bb][et_pb_row _builder_version=\u00a0\u00bb4.8.0&Prime; _module_preset=\u00a0\u00bbdefault\u00a0\u00bb][et_pb_column type=\u00a0\u00bb4_4&Prime; _builder_version=\u00a0\u00bb4.8.0&Prime; _module_preset=\u00a0\u00bbdefault\u00a0\u00bb][et_pb_text _builder_version=\u00a0\u00bb4.8.0&Prime; _module_preset=\u00a0\u00bbdefault\u00a0\u00bb]<\/p>\n<h3>HALOGEN FREE<\/h3>\n<p>&nbsp;<\/p>\n<p>&nbsp;<\/p>\n<h3><span style=\"font-size: 14px; color: #666666;\"><\/span><\/h3>\n<table width=\"502\" height=\"22\">\n<tbody>\n<tr>\n<td style=\"width: 160px;\"><strong>EXTRUSION<\/strong><\/td>\n<td style=\"width: 160px;\"><strong>INJECTION<\/strong><\/td>\n<\/tr>\n<tr>\n<td style=\"width: 160px;\"><strong>C\u00e2bles de t\u00e9l\u00e9communications et de donn\u00e9es<\/strong><br \/><strong>Isolements et gaines basse tension<\/strong><br \/><strong>C\u00e2bles automobiles<\/strong><\/td>\n<td style=\"width: 160px;\"><strong>Accessoires automobiles<br \/><span id=\"result_box\" class=\"short_text\" lang=\"fr\"><span class=\"hps\">Bouchons<\/span><\/span><br \/>etc.<\/strong><\/td>\n<\/tr>\n<\/tbody>\n<\/table>\n<p>[\/et_pb_text][\/et_pb_column][\/et_pb_row][et_pb_row _builder_version=\u00a0\u00bb4.8.0&Prime; _module_preset=\u00a0\u00bbdefault\u00a0\u00bb][et_pb_column type=\u00a0\u00bb4_4&Prime; _builder_version=\u00a0\u00bb4.8.0&Prime; _module_preset=\u00a0\u00bbdefault\u00a0\u00bb][et_pb_text _builder_version=\u00a0\u00bb4.8.0&Prime; _module_preset=\u00a0\u00bbdefault\u00a0\u00bb]<\/p>\n<h3>ELASTOM\u00c8RES THERMOPLASTIQUES<\/h3>\n<p>&nbsp;<\/p>\n<table width=\"502\" height=\"22\">\n<tbody>\n<tr>\n<td style=\"width: 160px;\"><strong>EXTRUSION<\/strong><\/td>\n<td style=\"width: 160px;\"><strong>INJECTION<\/strong><\/td>\n<\/tr>\n<tr>\n<td style=\"width: 160px;\"><strong>Profil\u00e9s grande r\u00e9sistance pour int\u00e9rieurs et ext\u00e9rieurs (SBS\/SeBS)<\/strong><\/td>\n<td style=\"width: 160px;\"><strong>Injection pour chaussures(TR \/ Caucho Termopl\u00e1stico)<\/strong><\/td>\n<\/tr>\n<\/tbody>\n<\/table>\n<p>[\/et_pb_text][\/et_pb_column][\/et_pb_row][\/et_pb_section]<\/p>\n","protected":false},"excerpt":{"rendered":"<p>Compos\u00e9s poly\u00e9thyl\u00e9niques &nbsp; \u00a0Libre Hal\u00f3genos \/ SBS Depuis plusieurs ann\u00e9es, CYGSA a innov\u00e9 et d\u00e9velopp\u00e9 une autre gamme de compos\u00e9s plus connue comme \u00ab exempte d\u2019halog\u00e8nes \u00bb et dont la principale application vise l\u2019extrusion de c\u00e2bles \u00e9lectriques\/de t\u00e9l\u00e9communication et de c\u00e2bles pour l\u2019automobile.HALOGEN FREE &nbsp; &nbsp; EXTRUSION INJECTION C\u00e2bles de t\u00e9l\u00e9communications et de donn\u00e9esIsolements et [&hellip;]<\/p>\n","protected":false},"author":1,"featured_media":0,"parent":0,"menu_order":0,"comment_status":"closed","ping_status":"closed","template":"","meta":{"_et_pb_use_builder":"on","_et_pb_old_content":"","_et_gb_content_width":"","footnotes":""},"class_list":["post-6980","page","type-page","status-publish","hentry"],"yoast_head":"<!-- This site is optimized with the Yoast SEO plugin v23.4 - https:\/\/yoast.com\/wordpress\/plugins\/seo\/ -->\n<title>poly\u00e9thyl\u00e9niques - Cygsa<\/title>\n<meta name=\"robots\" content=\"index, follow, max-snippet:-1, max-image-preview:large, max-video-preview:-1\" \/>\n<link rel=\"canonical\" href=\"https:\/\/nueva.cygsa.es\/fr\/poliolefinicos\/\" \/>\n<meta property=\"og:locale\" content=\"fr_FR\" \/>\n<meta property=\"og:type\" content=\"article\" \/>\n<meta property=\"og:title\" content=\"poly\u00e9thyl\u00e9niques - Cygsa\" \/>\n<meta property=\"og:description\" content=\"Compos\u00e9s poly\u00e9thyl\u00e9niques &nbsp; \u00a0Libre Hal\u00f3genos \/ SBS Depuis plusieurs ann\u00e9es, CYGSA a innov\u00e9 et d\u00e9velopp\u00e9 une autre gamme de compos\u00e9s plus connue comme \u00ab exempte d\u2019halog\u00e8nes \u00bb et dont la principale application vise l\u2019extrusion de c\u00e2bles \u00e9lectriques\/de t\u00e9l\u00e9communication et de c\u00e2bles pour l\u2019automobile.HALOGEN FREE &nbsp; &nbsp; EXTRUSION INJECTION C\u00e2bles de t\u00e9l\u00e9communications et de donn\u00e9esIsolements et [&hellip;]\" \/>\n<meta property=\"og:url\" content=\"https:\/\/nueva.cygsa.es\/fr\/poliolefinicos\/\" \/>\n<meta property=\"og:site_name\" content=\"Cygsa\" \/>\n<meta property=\"article:modified_time\" content=\"2021-02-03T11:40:59+00:00\" \/>\n<meta name=\"twitter:card\" content=\"summary_large_image\" \/>\n<meta name=\"twitter:label1\" content=\"Dur\u00e9e de lecture estim\u00e9e\" \/>\n\t<meta name=\"twitter:data1\" content=\"2 minutes\" \/>\n<script type=\"application\/ld+json\" class=\"yoast-schema-graph\">{\"@context\":\"https:\/\/schema.org\",\"@graph\":[{\"@type\":\"WebPage\",\"@id\":\"https:\/\/nueva.cygsa.es\/fr\/poliolefinicos\/\",\"url\":\"https:\/\/nueva.cygsa.es\/fr\/poliolefinicos\/\",\"name\":\"poly\u00e9thyl\u00e9niques - Cygsa\",\"isPartOf\":{\"@id\":\"https:\/\/nueva.cygsa.es\/fr\/#website\"},\"datePublished\":\"2021-01-20T11:58:42+00:00\",\"dateModified\":\"2021-02-03T11:40:59+00:00\",\"breadcrumb\":{\"@id\":\"https:\/\/nueva.cygsa.es\/fr\/poliolefinicos\/#breadcrumb\"},\"inLanguage\":\"fr-FR\",\"potentialAction\":[{\"@type\":\"ReadAction\",\"target\":[\"https:\/\/nueva.cygsa.es\/fr\/poliolefinicos\/\"]}]},{\"@type\":\"BreadcrumbList\",\"@id\":\"https:\/\/nueva.cygsa.es\/fr\/poliolefinicos\/#breadcrumb\",\"itemListElement\":[{\"@type\":\"ListItem\",\"position\":1,\"name\":\"Portada\",\"item\":\"https:\/\/nueva.cygsa.es\/fr\/\"},{\"@type\":\"ListItem\",\"position\":2,\"name\":\"poly\u00e9thyl\u00e9niques\"}]},{\"@type\":\"WebSite\",\"@id\":\"https:\/\/nueva.cygsa.es\/fr\/#website\",\"url\":\"https:\/\/nueva.cygsa.es\/fr\/\",\"name\":\"Cygsa\",\"description\":\"Just another WordPress site\",\"potentialAction\":[{\"@type\":\"SearchAction\",\"target\":{\"@type\":\"EntryPoint\",\"urlTemplate\":\"https:\/\/nueva.cygsa.es\/fr\/?s={search_term_string}\"},\"query-input\":{\"@type\":\"PropertyValueSpecification\",\"valueRequired\":true,\"valueName\":\"search_term_string\"}}],\"inLanguage\":\"fr-FR\"}]}<\/script>\n<!-- \/ Yoast SEO plugin. -->","yoast_head_json":{"title":"poly\u00e9thyl\u00e9niques - Cygsa","robots":{"index":"index","follow":"follow","max-snippet":"max-snippet:-1","max-image-preview":"max-image-preview:large","max-video-preview":"max-video-preview:-1"},"canonical":"https:\/\/nueva.cygsa.es\/fr\/poliolefinicos\/","og_locale":"fr_FR","og_type":"article","og_title":"poly\u00e9thyl\u00e9niques - Cygsa","og_description":"Compos\u00e9s poly\u00e9thyl\u00e9niques &nbsp; \u00a0Libre Hal\u00f3genos \/ SBS Depuis plusieurs ann\u00e9es, CYGSA a innov\u00e9 et d\u00e9velopp\u00e9 une autre gamme de compos\u00e9s plus connue comme \u00ab exempte d\u2019halog\u00e8nes \u00bb et dont la principale application vise l\u2019extrusion de c\u00e2bles \u00e9lectriques\/de t\u00e9l\u00e9communication et de c\u00e2bles pour l\u2019automobile.HALOGEN FREE &nbsp; &nbsp; EXTRUSION INJECTION C\u00e2bles de t\u00e9l\u00e9communications et de donn\u00e9esIsolements et [&hellip;]","og_url":"https:\/\/nueva.cygsa.es\/fr\/poliolefinicos\/","og_site_name":"Cygsa","article_modified_time":"2021-02-03T11:40:59+00:00","twitter_card":"summary_large_image","twitter_misc":{"Dur\u00e9e de lecture estim\u00e9e":"2 minutes"},"schema":{"@context":"https:\/\/schema.org","@graph":[{"@type":"WebPage","@id":"https:\/\/nueva.cygsa.es\/fr\/poliolefinicos\/","url":"https:\/\/nueva.cygsa.es\/fr\/poliolefinicos\/","name":"poly\u00e9thyl\u00e9niques - Cygsa","isPartOf":{"@id":"https:\/\/nueva.cygsa.es\/fr\/#website"},"datePublished":"2021-01-20T11:58:42+00:00","dateModified":"2021-02-03T11:40:59+00:00","breadcrumb":{"@id":"https:\/\/nueva.cygsa.es\/fr\/poliolefinicos\/#breadcrumb"},"inLanguage":"fr-FR","potentialAction":[{"@type":"ReadAction","target":["https:\/\/nueva.cygsa.es\/fr\/poliolefinicos\/"]}]},{"@type":"BreadcrumbList","@id":"https:\/\/nueva.cygsa.es\/fr\/poliolefinicos\/#breadcrumb","itemListElement":[{"@type":"ListItem","position":1,"name":"Portada","item":"https:\/\/nueva.cygsa.es\/fr\/"},{"@type":"ListItem","position":2,"name":"poly\u00e9thyl\u00e9niques"}]},{"@type":"WebSite","@id":"https:\/\/nueva.cygsa.es\/fr\/#website","url":"https:\/\/nueva.cygsa.es\/fr\/","name":"Cygsa","description":"Just another WordPress site","potentialAction":[{"@type":"SearchAction","target":{"@type":"EntryPoint","urlTemplate":"https:\/\/nueva.cygsa.es\/fr\/?s={search_term_string}"},"query-input":{"@type":"PropertyValueSpecification","valueRequired":true,"valueName":"search_term_string"}}],"inLanguage":"fr-FR"}]}},"_links":{"self":[{"href":"https:\/\/nueva.cygsa.es\/fr\/wp-json\/wp\/v2\/pages\/6980","targetHints":{"allow":["GET"]}}],"collection":[{"href":"https:\/\/nueva.cygsa.es\/fr\/wp-json\/wp\/v2\/pages"}],"about":[{"href":"https:\/\/nueva.cygsa.es\/fr\/wp-json\/wp\/v2\/types\/page"}],"author":[{"embeddable":true,"href":"https:\/\/nueva.cygsa.es\/fr\/wp-json\/wp\/v2\/users\/1"}],"replies":[{"embeddable":true,"href":"https:\/\/nueva.cygsa.es\/fr\/wp-json\/wp\/v2\/comments?post=6980"}],"version-history":[{"count":6,"href":"https:\/\/nueva.cygsa.es\/fr\/wp-json\/wp\/v2\/pages\/6980\/revisions"}],"predecessor-version":[{"id":6996,"href":"https:\/\/nueva.cygsa.es\/fr\/wp-json\/wp\/v2\/pages\/6980\/revisions\/6996"}],"wp:attachment":[{"href":"https:\/\/nueva.cygsa.es\/fr\/wp-json\/wp\/v2\/media?parent=6980"}],"curies":[{"name":"wp","href":"https:\/\/api.w.org\/{rel}","templated":true}]}}