{"id":6959,"date":"2021-01-20T11:53:41","date_gmt":"2021-01-20T11:53:41","guid":{"rendered":"https:\/\/nueva.cygsa.es\/nosotros\/"},"modified":"2021-02-03T11:11:02","modified_gmt":"2021-02-03T11:11:02","slug":"nosotros","status":"publish","type":"page","link":"https:\/\/nueva.cygsa.es\/fr\/nosotros\/","title":{"rendered":"\u00c0 notre sujet"},"content":{"rendered":"<p>[et_pb_section fb_built=\u00a0\u00bb1&Prime; _builder_version=\u00a0\u00bb4.8.0&Prime; _module_preset=\u00a0\u00bbdefault\u00a0\u00bb custom_padding=\u00a0\u00bb0px||5px|||\u00a0\u00bb][et_pb_row _builder_version=\u00a0\u00bb4.8.0&Prime; _module_preset=\u00a0\u00bbdefault\u00a0\u00bb custom_padding=\u00a0\u00bb0px||24px|||\u00a0\u00bb][et_pb_column type=\u00a0\u00bb4_4&Prime; _builder_version=\u00a0\u00bb4.8.0&Prime; _module_preset=\u00a0\u00bbdefault\u00a0\u00bb][et_pb_code _builder_version=\u00a0\u00bb4.8.0&Prime; _module_preset=\u00a0\u00bbdefault\u00a0\u00bb]\n\t\t\t<!-- START Nosotroses REVOLUTION SLIDER 6.3.6 --><p class=\"rs-p-wp-fix\"><\/p>\n\t\t\t<rs-module-wrap id=\"rev_slider_2_1_wrapper\" data-source=\"gallery\" style=\"background:transparent;padding:0;margin:0px auto;margin-top:0;margin-bottom:0;\">\n\t\t\t\t<rs-module id=\"rev_slider_2_1\" style=\"\" data-version=\"6.3.6\">\n\t\t\t\t\t<rs-slides>\n\t\t\t\t\t\t<rs-slide data-key=\"rs-2\" data-title=\"Slide\" data-anim=\"ei:d;eo:d;s:1000;r:0;t:fade;sl:0;\">\n\t\t\t\t\t\t\t<img decoding=\"async\" src=\"\/\/nueva.cygsa.es\/wp-content\/plugins\/revslider\/public\/assets\/assets\/transparent.png\" alt=\"Slide\" title=\"\u00c0 notre sujet\" data-bg=\"c:linear-gradient(0deg, rgba(219,243,252,1) 0%, rgba(28,176,234,1) 100%);\" class=\"rev-slidebg\" data-no-retina>\n<!--\n\t\t\t\t\t\t\t--><rs-layer\n\t\t\t\t\t\t\t\tid=\"slider-2-slide-2-layer-0\" \n\t\t\t\t\t\t\t\tdata-type=\"image\"\n\t\t\t\t\t\t\t\tdata-rsp_ch=\"on\"\n\t\t\t\t\t\t\t\tdata-xy=\"x:140px;y:48px;\"\n\t\t\t\t\t\t\t\tdata-text=\"w:normal;\"\n\t\t\t\t\t\t\t\tdata-dim=\"w:940px;h:452px;\"\n\t\t\t\t\t\t\t\tdata-frame_0=\"y:50;\"\n\t\t\t\t\t\t\t\tdata-frame_1=\"y:2px;st:2210;sp:1000;sR:2210;\"\n\t\t\t\t\t\t\t\tdata-frame_999=\"o:0;st:w;sR:5790;\"\n\t\t\t\t\t\t\t\tstyle=\"z-index:8;\"\n\t\t\t\t\t\t\t><img loading=\"lazy\" decoding=\"async\" src=\"\/\/nueva.cygsa.es\/wp-content\/uploads\/2014\/12\/baner-nosotros_edificio.png\" width=\"940\" height=\"452\" data-no-retina> \n\t\t\t\t\t\t\t<\/rs-layer><!--\n\n\t\t\t\t\t\t\t--><rs-layer\n\t\t\t\t\t\t\t\tid=\"slider-2-slide-2-layer-5\" \n\t\t\t\t\t\t\t\tdata-type=\"text\"\n\t\t\t\t\t\t\t\tdata-color=\"#000000\"\n\t\t\t\t\t\t\t\tdata-rsp_ch=\"on\"\n\t\t\t\t\t\t\t\tdata-xy=\"x:68px;y:270px;\"\n\t\t\t\t\t\t\t\tdata-text=\"w:normal;s:55;l:65;ls:2;fw:300;\"\n\t\t\t\t\t\t\t\tdata-dim=\"minh:0px;\"\n\t\t\t\t\t\t\t\tdata-padding=\"t:10;r:10;b:10;l:10;\"\n\t\t\t\t\t\t\t\tdata-frame_0=\"x:right;\"\n\t\t\t\t\t\t\t\tdata-frame_1=\"st:1140;sp:1000;sR:1140;\"\n\t\t\t\t\t\t\t\tdata-frame_999=\"o:0;st:w;sR:6860;\"\n\t\t\t\t\t\t\t\tstyle=\"z-index:9;background-color:#ffffff;font-family:Raleway;\"\n\t\t\t\t\t\t\t>Para un gran Grupo \n\t\t\t\t\t\t\t<\/rs-layer><!--\n\n\t\t\t\t\t\t\t--><rs-layer\n\t\t\t\t\t\t\t\tid=\"slider-2-slide-2-layer-6\" \n\t\t\t\t\t\t\t\tdata-type=\"text\"\n\t\t\t\t\t\t\t\tdata-color=\"#000000\"\n\t\t\t\t\t\t\t\tdata-rsp_ch=\"on\"\n\t\t\t\t\t\t\t\tdata-xy=\"x:136px;y:162px;\"\n\t\t\t\t\t\t\t\tdata-text=\"w:normal;s:50;l:65;ls:2;fw:300;\"\n\t\t\t\t\t\t\t\tdata-dim=\"minh:0px;\"\n\t\t\t\t\t\t\t\tdata-padding=\"t:10;r:10;b:10;l:10;\"\n\t\t\t\t\t\t\t\tdata-frame_0=\"x:left;\"\n\t\t\t\t\t\t\t\tdata-frame_1=\"sp:1000;\"\n\t\t\t\t\t\t\t\tdata-frame_999=\"o:0;st:w;sR:8000;\"\n\t\t\t\t\t\t\t\tstyle=\"z-index:10;background-color:#ffffff;font-family:Raleway;\"\n\t\t\t\t\t\t\t>Una gran empresa \n\t\t\t\t\t\t\t<\/rs-layer><!--\n-->\t\t\t\t\t\t<\/rs-slide>\n\t\t\t\t\t<\/rs-slides>\n\t\t\t\t<\/rs-module>\n\t\t\t\t<script type=\"text\/javascript\">\n\t\t\t\t\tsetREVStartSize({c: 'rev_slider_2_1',rl:[1240,1024,778,480],el:[500],gw:[1080],gh:[500],type:'standard',justify:'',layout:'fullwidth',mh:\"0\"});\n\t\t\t\t\tvar\trevapi2,\n\t\t\t\t\t\ttpj;\n\t\t\t\t\tfunction revinit_revslider21() {\n\t\t\t\t\tjQuery(function() {\n\t\t\t\t\t\ttpj = jQuery;\n\t\t\t\t\t\trevapi2 = tpj(\"#rev_slider_2_1\");\n\t\t\t\t\t\tif(revapi2==undefined || revapi2.revolution == undefined){\n\t\t\t\t\t\t\trevslider_showDoubleJqueryError(\"rev_slider_2_1\");\n\t\t\t\t\t\t}else{\n\t\t\t\t\t\t\trevapi2.revolution({\n\t\t\t\t\t\t\t\tvisibilityLevels:\"1240,1024,778,480\",\n\t\t\t\t\t\t\t\tgridwidth:1080,\n\t\t\t\t\t\t\t\tgridheight:500,\n\t\t\t\t\t\t\t\tperspective:600,\n\t\t\t\t\t\t\t\tperspectiveType:\"global\",\n\t\t\t\t\t\t\t\teditorheight:\"500,768,960,720\",\n\t\t\t\t\t\t\t\tresponsiveLevels:\"1240,1024,778,480\",\n\t\t\t\t\t\t\t\tprogressBar:{disableProgressBar:true},\n\t\t\t\t\t\t\t\tnavigation: {\n\t\t\t\t\t\t\t\t\tonHoverStop:false\n\t\t\t\t\t\t\t\t},\n\t\t\t\t\t\t\t\tfallbacks: {\n\t\t\t\t\t\t\t\t\tallowHTML5AutoPlayOnAndroid:true\n\t\t\t\t\t\t\t\t},\n\t\t\t\t\t\t\t});\n\t\t\t\t\t\t}\n\t\t\t\t\t\t\n\t\t\t\t\t});\n\t\t\t\t\t} \/\/ End of RevInitScript\n\t\t\t\tvar once_revslider21 = false;\n\t\t\t\tif (document.readyState === \"loading\") {document.addEventListener('readystatechange',function() { if((document.readyState === \"interactive\" || document.readyState === \"complete\") && !once_revslider21 ) { once_revslider21 = true; revinit_revslider21();}});} else {once_revslider21 = true; revinit_revslider21();}\n\t\t\t\t<\/script>\n\t\t\t<\/rs-module-wrap>\n\t\t\t<!-- END REVOLUTION SLIDER -->\n[\/et_pb_code][\/et_pb_column][\/et_pb_row][\/et_pb_section][et_pb_section fb_built=\u00a0\u00bb1&Prime; _builder_version=\u00a0\u00bb4.8.0&Prime; _module_preset=\u00a0\u00bbdefault\u00a0\u00bb custom_padding=\u00a0\u00bb2px||40px|||\u00a0\u00bb][et_pb_row _builder_version=\u00a0\u00bb4.8.0&Prime; _module_preset=\u00a0\u00bbdefault\u00a0\u00bb][et_pb_column type=\u00a0\u00bb4_4&Prime; _builder_version=\u00a0\u00bb4.8.0&Prime; _module_preset=\u00a0\u00bbdefault\u00a0\u00bb][et_pb_tabs _builder_version=\u00a0\u00bb4.8.0&Prime; _module_preset=\u00a0\u00bbdefault\u00a0\u00bb][et_pb_tab title=\u00a0\u00bbEspagne: CYGSA\u00a0\u00bb _builder_version=\u00a0\u00bb4.8.0&Prime; _module_preset=\u00a0\u00bbdefault\u00a0\u00bb]<img loading=\"lazy\" decoding=\"async\" src=\"https:\/\/nueva.cygsa.es\/wp-content\/uploads\/2014\/12\/edificio2-1012x1024.jpg\" width=\"385\" height=\"389\" alt=\"\" class=\"wp-image-4783 alignnone size-large\" style=\"float: left; margin-right: 20px;\" \/>Situ\u00e9e \u00e0 Mendavia (en Navarre), CYGSA dispose d\u2019une capacit\u00e9 de production proche des 25 kt\/an. Notre activit\u00e9 principale est orient\u00e9e vers la fabrication de compos\u00e9s en PVC, m\u00eame s\u2019il est vrai que depuis quelques ann\u00e9es, nous disposons \u00e9galement de lignes d\u2019extrusion et de dosage gravim\u00e9trique pour la fabrication industrielle de compos\u00e9s exempts d\u2019halog\u00e8nes.<br \/>\nCYGSA dispose d\u2019une flotte de machines compos\u00e9es de lignes au prestige international et europ\u00e9en (BUSS, COPERION, WERNER-PFLEIDERER), et qui lui permet de d\u00e9velopper des compos\u00e9s de grande qualit\u00e9. Au niveau laboratoire, la soci\u00e9t\u00e9 dispose d\u2019un grand nombre d\u2019\u00e9quipements pour effectuer le contr\u00f4le de la qualit\u00e9 et le d\u00e9veloppement de nouveaux produits (extrudeuse, durom\u00e8tres, machines universelles pour essais, \u00e9quipements de mesure du taux de fluidit\u00e9 et d\u00e9tection de la limite en oxyg\u00e8ne, rh\u00e9om\u00e8tre, plastographe, extrusom\u00e8tre, etc\u2026)<\/p>\n<p>La soci\u00e9t\u00e9 est mise en valeur gr\u00e2ce \u00e0 la r\u00e9gularit\u00e9 de la qualit\u00e9 de ses produits et \u00e0 sa souplesse quant aux services offerts \u00e0 ses clients, en d\u00e9veloppant le cas \u00e9ch\u00e9ant de nouvelles formules pour chaque application.[\/et_pb_tab][et_pb_tab title=\u00a0\u00bbPortugal: PREVENIL Y CIRES\u00a0\u00bb _builder_version=\u00a0\u00bb4.8.0&Prime; _module_preset=\u00a0\u00bbdefault\u00a0\u00bb]<\/p>\n<p style=\"text-align: left;\"><img loading=\"lazy\" decoding=\"async\" src=\"https:\/\/nueva.cygsa.es\/wp-content\/uploads\/2014\/12\/portugal.jpg\" width=\"264\" height=\"396\" alt=\"\" class=\"wp-image-4780 alignnone size-full\" style=\"float: left; margin-right: 10px;\" \/><strong>PREVINIL<\/strong><\/p>\n<p style=\"text-align: left;\">Situ\u00e9e \u00e0 Alverca, au nord de Lisbonne, PREVINIL poss\u00e8de une capacit\u00e9 de production d\u2019environ 15 kt\/an de compos\u00e9s en PVC. La soci\u00e9t\u00e9 poss\u00e8de un niveau \u00e9lev\u00e9 de sp\u00e9cialisation en compos\u00e9s propres \u00e0 la consommation et en cristaux rigides.<\/p>\n<p style=\"text-align: left;\"><strong>CIRES<\/strong><\/p>\n<p style=\"text-align: left;\">CIRES, se trouve \u00e0 Estarreja, pr\u00e8s de la ville de Porto et est le fournisseur de r\u00e9sine PVC du groupe pour les deux usines. Sa capacit\u00e9 de production d\u00e9passe les 200 kt\/an en r\u00e9sine PVC, et englobe \u00e0 la fois le d\u00e9partement d\u2019\u00e9mulsion et celui de suspension (www.cires.pt).<\/p>\n<p>[\/et_pb_tab][et_pb_tab title=\u00a0\u00bbGROUPE SHIN-ETSU\u00a0\u00bb _builder_version=\u00a0\u00bb4.8.0&Prime; _module_preset=\u00a0\u00bbdefault\u00a0\u00bb]<\/p>\n<p><img loading=\"lazy\" decoding=\"async\" src=\"https:\/\/nueva.cygsa.es\/wp-content\/uploads\/2014\/12\/mapa_logos31.jpg\" width=\"560\" height=\"716\" alt=\"\" class=\"wp-image-5331 alignnone size-full\" style=\"float: left;\" srcset=\"https:\/\/nueva.cygsa.es\/wp-content\/uploads\/2014\/12\/mapa_logos31.jpg 560w, https:\/\/nueva.cygsa.es\/wp-content\/uploads\/2014\/12\/mapa_logos31-480x614.jpg 480w\" sizes=\"auto, (min-width: 0px) and (max-width: 480px) 480px, (min-width: 481px) 560px, 100vw\" \/><strong>SHIN-ETSU<\/strong><br \/>La soci\u00e9t\u00e9 SHIN-ETSU CHEMICAL est int\u00e9gr\u00e9e d\u00e8s le d\u00e9but au noyau des actionnaires internationaux qui en 1960 ont fond\u00e9 l\u2019entreprise CIRES. En 2009, CIRES s\u2019est incorpor\u00e9 \u00e0 la totalit\u00e9, en collaboration avec CYGSA et PREVINIL, du groupe japonais SHIN-ETSU, reconnu comme \u00e9tant le plus grand fabricant de r\u00e9sines PVC du monde.<\/p>\n<p>L\u2019acquisition dans sa totalit\u00e9 de la part de SHIN-ETSU a permis que CYGSA et PREVINIL s\u2019int\u00e8grent \u00e0 la cha\u00eene de fabrication de ses compos\u00e9s, ce qui permet un approvisionnement d\u2019une qualit\u00e9 sup\u00e9rieure, constante et v\u00e9rifi\u00e9e, en plus d\u2019une am\u00e9lioration du service offert \u00e0 ses clients, en pouvant profiter des synergies et des ressources du groupe.<\/p>\n<p>SHIN-ETSU CHEMICAL est la plus grande entreprise chimique du Japon, et est le num\u00e9ro 1 mondial sur les march\u00e9s du PVC, des semi-conducteurs en silicium et des substrats pour photographie. Elle poss\u00e8de des unit\u00e9s industrielles de fabrication dans14 pays de diverses r\u00e9gions du globe (www.shinetsu.co.jp\/en). Dans le secteur des vinyliques, CYGSA et PREVINIL donnent forme \u00e0 l\u2019activit\u00e9 des compos\u00e9s thermoplastiques au sein de la division europ\u00e9enne du PVC.<\/p>\n<p>[\/et_pb_tab][\/et_pb_tabs][\/et_pb_column][\/et_pb_row][\/et_pb_section][et_pb_section fb_built=\u00a0\u00bb1&Prime; _builder_version=\u00a0\u00bb4.8.0&Prime; _module_preset=\u00a0\u00bbdefault\u00a0\u00bb custom_padding=\u00a0\u00bb4px|||||\u00a0\u00bb][et_pb_row _builder_version=\u00a0\u00bb4.8.0&Prime; _module_preset=\u00a0\u00bbdefault\u00a0\u00bb][et_pb_column type=\u00a0\u00bb4_4&Prime; _builder_version=\u00a0\u00bb4.8.0&Prime; _module_preset=\u00a0\u00bbdefault\u00a0\u00bb][et_pb_text _builder_version=\u00a0\u00bb4.8.0&Prime; _module_preset=\u00a0\u00bbdefault\u00a0\u00bb]<\/p>\n<h3>Nos valeurs<\/h3>\n<p>&nbsp;<\/p>\n<ul id=\"checklist-1\" class=\"list-icon circle-yes list-icon-ok\">\n<li>Qualit\u00e9 et responsabilit\u00e9<\/li>\n<li>Nous misons sur l\u2019innovation<\/li>\n<li>Soutenus par un grand groupe<\/li>\n<li>Grande capacit\u00e9 de production<\/li>\n<li>Polyvalence<\/li>\n<\/ul>\n<p>[\/et_pb_text][\/et_pb_column][\/et_pb_row][\/et_pb_section]<\/p>\n","protected":false},"excerpt":{"rendered":"<p>\n\t\t\t<!-- START Nosotroses REVOLUTION SLIDER 6.3.6 --><p class=\"rs-p-wp-fix\"><\/p>\n\t\t\t<rs-module-wrap id=\"rev_slider_2_2_wrapper\" data-source=\"gallery\" style=\"background:transparent;padding:0;margin:0px auto;margin-top:0;margin-bottom:0;\">\n\t\t\t\t<rs-module id=\"rev_slider_2_2\" style=\"\" data-version=\"6.3.6\">\n\t\t\t\t\t<rs-slides>\n\t\t\t\t\t\t<rs-slide data-key=\"rs-2\" data-title=\"Slide\" data-anim=\"ei:d;eo:d;s:1000;r:0;t:fade;sl:0;\">\n\t\t\t\t\t\t\t<img decoding=\"async\" src=\"\/\/nueva.cygsa.es\/wp-content\/plugins\/revslider\/public\/assets\/assets\/transparent.png\" alt=\"Slide\" title=\"\u00c0 notre sujet\" data-bg=\"c:linear-gradient(0deg, rgba(219,243,252,1) 0%, rgba(28,176,234,1) 100%);\" class=\"rev-slidebg\" data-no-retina>\n<!--\n\t\t\t\t\t\t\t--><rs-layer\n\t\t\t\t\t\t\t\tid=\"slider-2-slide-2-layer-0\" \n\t\t\t\t\t\t\t\tdata-type=\"image\"\n\t\t\t\t\t\t\t\tdata-rsp_ch=\"on\"\n\t\t\t\t\t\t\t\tdata-xy=\"x:140px;y:48px;\"\n\t\t\t\t\t\t\t\tdata-text=\"w:normal;\"\n\t\t\t\t\t\t\t\tdata-dim=\"w:940px;h:452px;\"\n\t\t\t\t\t\t\t\tdata-frame_0=\"y:50;\"\n\t\t\t\t\t\t\t\tdata-frame_1=\"y:2px;st:2210;sp:1000;sR:2210;\"\n\t\t\t\t\t\t\t\tdata-frame_999=\"o:0;st:w;sR:5790;\"\n\t\t\t\t\t\t\t\tstyle=\"z-index:8;\"\n\t\t\t\t\t\t\t><img loading=\"lazy\" decoding=\"async\" src=\"\/\/nueva.cygsa.es\/wp-content\/uploads\/2014\/12\/baner-nosotros_edificio.png\" width=\"940\" height=\"452\" data-no-retina> \n\t\t\t\t\t\t\t<\/rs-layer><!--\n\n\t\t\t\t\t\t\t--><rs-layer\n\t\t\t\t\t\t\t\tid=\"slider-2-slide-2-layer-5\" \n\t\t\t\t\t\t\t\tdata-type=\"text\"\n\t\t\t\t\t\t\t\tdata-color=\"#000000\"\n\t\t\t\t\t\t\t\tdata-rsp_ch=\"on\"\n\t\t\t\t\t\t\t\tdata-xy=\"x:68px;y:270px;\"\n\t\t\t\t\t\t\t\tdata-text=\"w:normal;s:55;l:65;ls:2;fw:300;\"\n\t\t\t\t\t\t\t\tdata-dim=\"minh:0px;\"\n\t\t\t\t\t\t\t\tdata-padding=\"t:10;r:10;b:10;l:10;\"\n\t\t\t\t\t\t\t\tdata-frame_0=\"x:right;\"\n\t\t\t\t\t\t\t\tdata-frame_1=\"st:1140;sp:1000;sR:1140;\"\n\t\t\t\t\t\t\t\tdata-frame_999=\"o:0;st:w;sR:6860;\"\n\t\t\t\t\t\t\t\tstyle=\"z-index:9;background-color:#ffffff;font-family:Raleway;\"\n\t\t\t\t\t\t\t>Para un gran Grupo \n\t\t\t\t\t\t\t<\/rs-layer><!--\n\n\t\t\t\t\t\t\t--><rs-layer\n\t\t\t\t\t\t\t\tid=\"slider-2-slide-2-layer-6\" \n\t\t\t\t\t\t\t\tdata-type=\"text\"\n\t\t\t\t\t\t\t\tdata-color=\"#000000\"\n\t\t\t\t\t\t\t\tdata-rsp_ch=\"on\"\n\t\t\t\t\t\t\t\tdata-xy=\"x:136px;y:162px;\"\n\t\t\t\t\t\t\t\tdata-text=\"w:normal;s:50;l:65;ls:2;fw:300;\"\n\t\t\t\t\t\t\t\tdata-dim=\"minh:0px;\"\n\t\t\t\t\t\t\t\tdata-padding=\"t:10;r:10;b:10;l:10;\"\n\t\t\t\t\t\t\t\tdata-frame_0=\"x:left;\"\n\t\t\t\t\t\t\t\tdata-frame_1=\"sp:1000;\"\n\t\t\t\t\t\t\t\tdata-frame_999=\"o:0;st:w;sR:8000;\"\n\t\t\t\t\t\t\t\tstyle=\"z-index:10;background-color:#ffffff;font-family:Raleway;\"\n\t\t\t\t\t\t\t>Una gran empresa \n\t\t\t\t\t\t\t<\/rs-layer><!--\n-->\t\t\t\t\t\t<\/rs-slide>\n\t\t\t\t\t<\/rs-slides>\n\t\t\t\t<\/rs-module>\n\t\t\t\t<script type=\"text\/javascript\">\n\t\t\t\t\tsetREVStartSize({c: 'rev_slider_2_2',rl:[1240,1024,778,480],el:[500],gw:[1080],gh:[500],type:'standard',justify:'',layout:'fullwidth',mh:\"0\"});\n\t\t\t\t\tvar\trevapi2,\n\t\t\t\t\t\ttpj;\n\t\t\t\t\tfunction revinit_revslider22() {\n\t\t\t\t\tjQuery(function() {\n\t\t\t\t\t\ttpj = jQuery;\n\t\t\t\t\t\trevapi2 = tpj(\"#rev_slider_2_2\");\n\t\t\t\t\t\tif(revapi2==undefined || revapi2.revolution == undefined){\n\t\t\t\t\t\t\trevslider_showDoubleJqueryError(\"rev_slider_2_2\");\n\t\t\t\t\t\t}else{\n\t\t\t\t\t\t\trevapi2.revolution({\n\t\t\t\t\t\t\t\tvisibilityLevels:\"1240,1024,778,480\",\n\t\t\t\t\t\t\t\tgridwidth:1080,\n\t\t\t\t\t\t\t\tgridheight:500,\n\t\t\t\t\t\t\t\tperspective:600,\n\t\t\t\t\t\t\t\tperspectiveType:\"global\",\n\t\t\t\t\t\t\t\teditorheight:\"500,768,960,720\",\n\t\t\t\t\t\t\t\tresponsiveLevels:\"1240,1024,778,480\",\n\t\t\t\t\t\t\t\tprogressBar:{disableProgressBar:true},\n\t\t\t\t\t\t\t\tnavigation: {\n\t\t\t\t\t\t\t\t\tonHoverStop:false\n\t\t\t\t\t\t\t\t},\n\t\t\t\t\t\t\t\tfallbacks: {\n\t\t\t\t\t\t\t\t\tallowHTML5AutoPlayOnAndroid:true\n\t\t\t\t\t\t\t\t},\n\t\t\t\t\t\t\t});\n\t\t\t\t\t\t}\n\t\t\t\t\t\t\n\t\t\t\t\t});\n\t\t\t\t\t} \/\/ End of RevInitScript\n\t\t\t\tvar once_revslider22 = false;\n\t\t\t\tif (document.readyState === \"loading\") {document.addEventListener('readystatechange',function() { if((document.readyState === \"interactive\" || document.readyState === \"complete\") && !once_revslider22 ) { once_revslider22 = true; revinit_revslider22();}});} else {once_revslider22 = true; revinit_revslider22();}\n\t\t\t\t<\/script>\n\t\t\t<\/rs-module-wrap>\n\t\t\t<!-- END REVOLUTION SLIDER -->\nSitu\u00e9e \u00e0 Mendavia (en Navarre), CYGSA dispose d\u2019une capacit\u00e9 de production proche des 25 kt\/an. Notre activit\u00e9 principale est orient\u00e9e vers la fabrication de compos\u00e9s en PVC, m\u00eame s\u2019il est vrai que depuis quelques ann\u00e9es, nous disposons \u00e9galement de lignes d\u2019extrusion et de dosage gravim\u00e9trique pour la fabrication industrielle de compos\u00e9s exempts d\u2019halog\u00e8nes. CYGSA [&hellip;]<\/p>\n","protected":false},"author":1,"featured_media":0,"parent":0,"menu_order":0,"comment_status":"closed","ping_status":"closed","template":"","meta":{"_et_pb_use_builder":"on","_et_pb_old_content":"","_et_gb_content_width":"","footnotes":""},"class_list":["post-6959","page","type-page","status-publish","hentry"],"yoast_head":"<!-- This site is optimized with the Yoast SEO plugin v23.4 - https:\/\/yoast.com\/wordpress\/plugins\/seo\/ -->\n<title>\u00c0 notre sujet - Cygsa<\/title>\n<meta name=\"robots\" content=\"index, follow, max-snippet:-1, max-image-preview:large, max-video-preview:-1\" \/>\n<link rel=\"canonical\" href=\"https:\/\/nueva.cygsa.es\/fr\/nosotros\/\" \/>\n<meta property=\"og:locale\" content=\"fr_FR\" \/>\n<meta property=\"og:type\" content=\"article\" \/>\n<meta property=\"og:title\" content=\"\u00c0 notre sujet - Cygsa\" \/>\n<meta property=\"og:description\" content=\"Situ\u00e9e \u00e0 Mendavia (en Navarre), CYGSA dispose d\u2019une capacit\u00e9 de production proche des 25 kt\/an. Notre activit\u00e9 principale est orient\u00e9e vers la fabrication de compos\u00e9s en PVC, m\u00eame s\u2019il est vrai que depuis quelques ann\u00e9es, nous disposons \u00e9galement de lignes d\u2019extrusion et de dosage gravim\u00e9trique pour la fabrication industrielle de compos\u00e9s exempts d\u2019halog\u00e8nes. CYGSA [&hellip;]\" \/>\n<meta property=\"og:url\" content=\"https:\/\/nueva.cygsa.es\/fr\/nosotros\/\" \/>\n<meta property=\"og:site_name\" content=\"Cygsa\" \/>\n<meta property=\"article:modified_time\" content=\"2021-02-03T11:11:02+00:00\" \/>\n<meta property=\"og:image\" content=\"https:\/\/nueva.cygsa.es\/wp-content\/uploads\/2014\/12\/edificio2-1012x1024.jpg\" \/>\n<meta name=\"twitter:card\" content=\"summary_large_image\" \/>\n<meta name=\"twitter:label1\" content=\"Dur\u00e9e de lecture estim\u00e9e\" \/>\n\t<meta name=\"twitter:data1\" content=\"4 minutes\" \/>\n<script type=\"application\/ld+json\" class=\"yoast-schema-graph\">{\"@context\":\"https:\/\/schema.org\",\"@graph\":[{\"@type\":\"WebPage\",\"@id\":\"https:\/\/nueva.cygsa.es\/fr\/nosotros\/\",\"url\":\"https:\/\/nueva.cygsa.es\/fr\/nosotros\/\",\"name\":\"\u00c0 notre sujet - Cygsa\",\"isPartOf\":{\"@id\":\"https:\/\/nueva.cygsa.es\/fr\/#website\"},\"primaryImageOfPage\":{\"@id\":\"https:\/\/nueva.cygsa.es\/fr\/nosotros\/#primaryimage\"},\"image\":{\"@id\":\"https:\/\/nueva.cygsa.es\/fr\/nosotros\/#primaryimage\"},\"thumbnailUrl\":\"https:\/\/nueva.cygsa.es\/wp-content\/uploads\/2014\/12\/edificio2-1012x1024.jpg\",\"datePublished\":\"2021-01-20T11:53:41+00:00\",\"dateModified\":\"2021-02-03T11:11:02+00:00\",\"breadcrumb\":{\"@id\":\"https:\/\/nueva.cygsa.es\/fr\/nosotros\/#breadcrumb\"},\"inLanguage\":\"fr-FR\",\"potentialAction\":[{\"@type\":\"ReadAction\",\"target\":[\"https:\/\/nueva.cygsa.es\/fr\/nosotros\/\"]}]},{\"@type\":\"ImageObject\",\"inLanguage\":\"fr-FR\",\"@id\":\"https:\/\/nueva.cygsa.es\/fr\/nosotros\/#primaryimage\",\"url\":\"https:\/\/nueva.cygsa.es\/wp-content\/uploads\/2014\/12\/edificio2-1012x1024.jpg\",\"contentUrl\":\"https:\/\/nueva.cygsa.es\/wp-content\/uploads\/2014\/12\/edificio2-1012x1024.jpg\"},{\"@type\":\"BreadcrumbList\",\"@id\":\"https:\/\/nueva.cygsa.es\/fr\/nosotros\/#breadcrumb\",\"itemListElement\":[{\"@type\":\"ListItem\",\"position\":1,\"name\":\"Portada\",\"item\":\"https:\/\/nueva.cygsa.es\/fr\/\"},{\"@type\":\"ListItem\",\"position\":2,\"name\":\"\u00c0 notre sujet\"}]},{\"@type\":\"WebSite\",\"@id\":\"https:\/\/nueva.cygsa.es\/fr\/#website\",\"url\":\"https:\/\/nueva.cygsa.es\/fr\/\",\"name\":\"Cygsa\",\"description\":\"Just another WordPress site\",\"potentialAction\":[{\"@type\":\"SearchAction\",\"target\":{\"@type\":\"EntryPoint\",\"urlTemplate\":\"https:\/\/nueva.cygsa.es\/fr\/?s={search_term_string}\"},\"query-input\":{\"@type\":\"PropertyValueSpecification\",\"valueRequired\":true,\"valueName\":\"search_term_string\"}}],\"inLanguage\":\"fr-FR\"}]}<\/script>\n<!-- \/ Yoast SEO plugin. -->","yoast_head_json":{"title":"\u00c0 notre sujet - Cygsa","robots":{"index":"index","follow":"follow","max-snippet":"max-snippet:-1","max-image-preview":"max-image-preview:large","max-video-preview":"max-video-preview:-1"},"canonical":"https:\/\/nueva.cygsa.es\/fr\/nosotros\/","og_locale":"fr_FR","og_type":"article","og_title":"\u00c0 notre sujet - Cygsa","og_description":"Situ\u00e9e \u00e0 Mendavia (en Navarre), CYGSA dispose d\u2019une capacit\u00e9 de production proche des 25 kt\/an. Notre activit\u00e9 principale est orient\u00e9e vers la fabrication de compos\u00e9s en PVC, m\u00eame s\u2019il est vrai que depuis quelques ann\u00e9es, nous disposons \u00e9galement de lignes d\u2019extrusion et de dosage gravim\u00e9trique pour la fabrication industrielle de compos\u00e9s exempts d\u2019halog\u00e8nes. CYGSA [&hellip;]","og_url":"https:\/\/nueva.cygsa.es\/fr\/nosotros\/","og_site_name":"Cygsa","article_modified_time":"2021-02-03T11:11:02+00:00","og_image":[{"url":"https:\/\/nueva.cygsa.es\/wp-content\/uploads\/2014\/12\/edificio2-1012x1024.jpg"}],"twitter_card":"summary_large_image","twitter_misc":{"Dur\u00e9e de lecture estim\u00e9e":"4 minutes"},"schema":{"@context":"https:\/\/schema.org","@graph":[{"@type":"WebPage","@id":"https:\/\/nueva.cygsa.es\/fr\/nosotros\/","url":"https:\/\/nueva.cygsa.es\/fr\/nosotros\/","name":"\u00c0 notre sujet - Cygsa","isPartOf":{"@id":"https:\/\/nueva.cygsa.es\/fr\/#website"},"primaryImageOfPage":{"@id":"https:\/\/nueva.cygsa.es\/fr\/nosotros\/#primaryimage"},"image":{"@id":"https:\/\/nueva.cygsa.es\/fr\/nosotros\/#primaryimage"},"thumbnailUrl":"https:\/\/nueva.cygsa.es\/wp-content\/uploads\/2014\/12\/edificio2-1012x1024.jpg","datePublished":"2021-01-20T11:53:41+00:00","dateModified":"2021-02-03T11:11:02+00:00","breadcrumb":{"@id":"https:\/\/nueva.cygsa.es\/fr\/nosotros\/#breadcrumb"},"inLanguage":"fr-FR","potentialAction":[{"@type":"ReadAction","target":["https:\/\/nueva.cygsa.es\/fr\/nosotros\/"]}]},{"@type":"ImageObject","inLanguage":"fr-FR","@id":"https:\/\/nueva.cygsa.es\/fr\/nosotros\/#primaryimage","url":"https:\/\/nueva.cygsa.es\/wp-content\/uploads\/2014\/12\/edificio2-1012x1024.jpg","contentUrl":"https:\/\/nueva.cygsa.es\/wp-content\/uploads\/2014\/12\/edificio2-1012x1024.jpg"},{"@type":"BreadcrumbList","@id":"https:\/\/nueva.cygsa.es\/fr\/nosotros\/#breadcrumb","itemListElement":[{"@type":"ListItem","position":1,"name":"Portada","item":"https:\/\/nueva.cygsa.es\/fr\/"},{"@type":"ListItem","position":2,"name":"\u00c0 notre sujet"}]},{"@type":"WebSite","@id":"https:\/\/nueva.cygsa.es\/fr\/#website","url":"https:\/\/nueva.cygsa.es\/fr\/","name":"Cygsa","description":"Just another WordPress site","potentialAction":[{"@type":"SearchAction","target":{"@type":"EntryPoint","urlTemplate":"https:\/\/nueva.cygsa.es\/fr\/?s={search_term_string}"},"query-input":{"@type":"PropertyValueSpecification","valueRequired":true,"valueName":"search_term_string"}}],"inLanguage":"fr-FR"}]}},"_links":{"self":[{"href":"https:\/\/nueva.cygsa.es\/fr\/wp-json\/wp\/v2\/pages\/6959","targetHints":{"allow":["GET"]}}],"collection":[{"href":"https:\/\/nueva.cygsa.es\/fr\/wp-json\/wp\/v2\/pages"}],"about":[{"href":"https:\/\/nueva.cygsa.es\/fr\/wp-json\/wp\/v2\/types\/page"}],"author":[{"embeddable":true,"href":"https:\/\/nueva.cygsa.es\/fr\/wp-json\/wp\/v2\/users\/1"}],"replies":[{"embeddable":true,"href":"https:\/\/nueva.cygsa.es\/fr\/wp-json\/wp\/v2\/comments?post=6959"}],"version-history":[{"count":8,"href":"https:\/\/nueva.cygsa.es\/fr\/wp-json\/wp\/v2\/pages\/6959\/revisions"}],"predecessor-version":[{"id":6971,"href":"https:\/\/nueva.cygsa.es\/fr\/wp-json\/wp\/v2\/pages\/6959\/revisions\/6971"}],"wp:attachment":[{"href":"https:\/\/nueva.cygsa.es\/fr\/wp-json\/wp\/v2\/media?parent=6959"}],"curies":[{"name":"wp","href":"https:\/\/api.w.org\/{rel}","templated":true}]}}