{"id":6888,"date":"2021-01-20T12:00:14","date_gmt":"2021-01-20T12:00:14","guid":{"rendered":"https:\/\/nueva.cygsa.es\/politica-de-privacidad\/"},"modified":"2021-01-20T12:00:14","modified_gmt":"2021-01-20T12:00:14","slug":"politica-de-privacidad","status":"publish","type":"page","link":"https:\/\/nueva.cygsa.es\/en\/politica-de-privacidad\/","title":{"rendered":"Pol\u00edtica de Privacidad"},"content":{"rendered":"<p>[et_pb_section fb_built=&#8221;1&#8243; _builder_version=&#8221;4.8.0&#8243; _module_preset=&#8221;default&#8221;][et_pb_row _builder_version=&#8221;4.8.0&#8243; _module_preset=&#8221;default&#8221;][et_pb_column _builder_version=&#8221;4.8.0&#8243; _module_preset=&#8221;default&#8221; type=&#8221;4_4&#8243;][et_pb_text _builder_version=&#8221;4.8.0&#8243; _module_preset=&#8221;default&#8221; hover_enabled=&#8221;0&#8243; sticky_enabled=&#8221;0&#8243;]<\/p>\n<p><strong><u>POL\u00cdTICA DE PRIVACIDAD Y PROTECCI\u00d3N DE DATOS DE CAR\u00c1CTER PERSONAL<\/u><\/strong><\/p>\n<p><u>TRATAMIENTOS DE DATOS PERSONALES<\/u><\/p>\n<p>En cumplimiento de lo establecido en la normativa aplicable de Protecci\u00f3n de Datos, le informamos que los datos que ser\u00e1n tratados como Responsable por COMPUESTOS Y GRANZAS, S.A.U., cuya finalidad del tratamiento es la prestaci\u00f3n del servicio que el usuario solicite a trav\u00e9s de nuestro formulario de contacto y para ello necesitamos que marque la casilla habilitada que indica la aceptaci\u00f3n de esta pol\u00edtica, de tal manera que si no lo hace no tendremos su consentimiento expreso y por ello no podremos dar respuesta a su solicitud.<\/p>\n<p>Para la correcta prestaci\u00f3n de los servicios ofrecidos por COMPUESTOS Y GRANZAS, S.A.U., es preciso que el usuario conteste a todas y cada una de las preguntas que aparecen en los formularios presentes en nuestro sitio web. Asimismo, el usuario declara que es mayor de edad.<\/p>\n<p>Dado el car\u00e1cter personal de los datos facilitados, COMPUESTOS Y GRANZAS, S.A.U. se compromete a tratarlos con estricta confidencialidad guardando el secreto debido, a este efecto, la entidad ha implantado las medidas de seguridad adecuadas conforme el an\u00e1lisis de riesgos realizado.<\/p>\n<p>Le informamos que no se ceder\u00e1n sus datos a terceros ni se realizar\u00e1n transferencias internacionales de datos, salvo obligaci\u00f3n legal o cesi\u00f3n necesaria \u00fanica y exclusivamente cuando sea necesario para la prestaci\u00f3n del servicio solicitado, en cuyo caso se solicitar\u00e1 el consentimiento para ello.<\/p>\n<p>Inscrita en el Registro Mercantil de Navarra al Libro 366 Gnal, de la secci\u00f3n tercera del Libro de Sociedades, Folio 95, Hoja 3628.<\/p>\n<p><u>DERECHOS<\/u><\/p>\n<p>Los datos recabados y tratados se conservar\u00e1n por un plazo de tiempo limitado, dicho plazo ser\u00e1 el necesario para cumplir las obligaciones legales impuestas a COMPUESTOS Y GRANZAS, S.A.U. por las diferentes normativas aplicables.<\/p>\n<p>El usuario como interesado puede ejercer en todo momento los siguientes derechos en la direcci\u00f3n indicada en el Aviso Legal:<\/p>\n<p>Derecho de<span>\u00a0<\/span><em>acceso<\/em>: el interesado podr\u00e1 solicitar al Responsable los datos tratados y en caso afirmativo qu\u00e9 datos personales concretos son tratados.<br \/>Derecho de<span>\u00a0<\/span><em>rectificaci\u00f3n<\/em>: el interesado podr\u00e1 solicitar al Responsable la correcci\u00f3n de sus datos personales en caso de no ser exactos.<br \/>Derecho de<span>\u00a0<\/span><em>supresi\u00f3n<\/em>: el interesado podr\u00e1 solicitar al Responsable el borrado de sus datos personales.<br \/>Derecho de<span>\u00a0<\/span><em>oposici\u00f3n<\/em>: el interesado podr\u00e1 oponerse a que el Responsable realice un tratamiento de sus datos personales.<br \/>Derecho a la<span>\u00a0<\/span><em>limitaci\u00f3n del tratamiento<\/em>: el interesado podr\u00e1 solicitar al Responsable que temporalmente no trate sus datos personales en unos supuestos concretos.<br \/>Derecho a la<span>\u00a0<\/span><em>portabilidad<\/em>: el interesado podr\u00e1 solicitar al Responsable sus datos automatizados en un formato estructurado de f\u00e1cil acceso y manejo.<\/p>\n<p>M\u00e1s informaci\u00f3n sobre sus derechos en<span>\u00a0<\/span><a href=\"https:\/\/www.aepd.es\/\">www.agpd.es<\/a>.<\/p>\n<p>Asimismo, tiene derecho a presentar una reclamaci\u00f3n ante la Agencia Espa\u00f1ola de Protecci\u00f3n de Datos.<\/p>\n<p><u>COOKIES<\/u><\/p>\n<p>Los datos que ser\u00e1n almacenados en cada \u201ccookie\u201d son los siguientes: idioma, fecha y hora de la \u00faltima vez que el usuario visit\u00f3 nuestro Web, dise\u00f1o de contenidos que el usuario escogi\u00f3 en su primera visita a nuestro Web y elementos de seguridad que intervienen en el control de acceso a las \u00e1reas restringidas.<\/p>\n<p>Desde este sitio Web estudiamos las preferencias de nuestros usuarios (caracter\u00edsticas demogr\u00e1ficas, sus patrones de tr\u00e1fico y otra informaci\u00f3n en conjunto para comprender el comportamiento y el perfil de nuestros usuarios). El rastreo de las preferencias de nuestros usuarios nos ayuda para mejorar nuestra P\u00e1gina as\u00ed como nuestros servicios.<\/p>\n<p>Vd. puede configurar su navegador para rechazar el almacenamiento de las cookies en su ordenador. Puede obtener m\u00e1s informaci\u00f3n en nuestra Pol\u00edtica de Cookies.<\/p>\n<p>Puedes negarte a aceptar cookies activando la configuraci\u00f3n en tu navegador que permite rechazar las cookies. No obstante, si seleccionas esta configuraci\u00f3n, quiz\u00e1s no puedas acceder a determinadas partes del Sitio Web o no puedas aprovecharte de alguno de nuestros servicios. A menos que hayas ajustado la configuraci\u00f3n de tu navegador de forma que rechace cookies, nuestro sistema producir\u00e1 cookies cuando te conectes a nuestro sitio.<\/p>\n<p><u>INFORMACI\u00d3N COMPLETA SOBRE EL TRATAMIENTO DE DATOS PERSONALES<\/u><\/p>\n<p><em>RESPONSABLE DEL TRATAMIENTO<\/em><\/p>\n<p><strong>\u00bfQui\u00e9n es el responsable del tratamiento de sus datos?<\/strong><\/p>\n<p>\u2013 Identidad: COMPUESTOS Y GRANZAS, S.A.U.<br \/>\u2013 Dir. Postal: Carretera Lodosa \u2013 Los Arcos, km 13, 31587 Mendavia (Navarra)<br \/>\u2013 Correo electr\u00f3nico: compuestosygranzas@cygsa.es<\/p>\n<p><em>FINALIDAD DEL TRATAMIENTO<\/em><\/p>\n<p><strong>\u00bfCon qu\u00e9 finalidad tratamos sus datos personales?<\/strong><\/p>\n<p>En COMPUESTOS Y GRANZAS, S.A.U. tratamos la informaci\u00f3n que nos facilitan las personas interesadas con los siguientes fines:<br \/>\u2013 Gesti\u00f3n y administraci\u00f3n de la relaci\u00f3n contractual establecida con proveedores, clientes, empleados y agentes comerciales.<br \/>\u2013 Videovigilancia de las instalaciones en el caso de que Usted acceda a nuestras instalaciones<br \/>\u2013 Dar respuesta a sus consultas y cuestiones en el caso de que Usted nos formule alguna pregunta a trav\u00e9s de la p\u00e1gina web.<br \/>\u2013 Evaluar su candidatura ante una futura vacante para un puesto de trabajo, en caso de habernos facilitado su cv.<\/p>\n<p><strong>\u00bfCu\u00e1nto tiempo conservaremos sus datos?<\/strong><\/p>\n<p>Los datos personales proporcionados se conservar\u00e1n:<br \/>a) Mientras se mantenga la relaci\u00f3n mercantil.<br \/>b) No se solicite su supresi\u00f3n por el interesado.<br \/>c) La informaci\u00f3n que por imperativo legal deba conservarse un tiempo espec\u00edfico no se eliminar\u00e1 hasta que transcurra el tiempo indicado en la ley.<\/p>\n<p><em>LEGITIMACI\u00d3N DEL TRATAMIENTO<\/em><\/p>\n<p><strong>\u00bfCu\u00e1l es la legitimaci\u00f3n para el tratamiento de sus datos?<\/strong><\/p>\n<p>La base legal para el tratamiento de sus datos es la siguiente:<br \/>\u2013 Ejecuci\u00f3n del contrato en el caso de que Usted sea empleado cliente, proveedor o agente comercial.<br \/>\u2013 Inter\u00e9s leg\u00edtimo en el caso de que haya sido grabado por las c\u00e1maras de videovigilancia.<br \/>\u2013 Consentimiento del interesado prestado en la p\u00e1gina web en el caso de que usted realice alguna petici\u00f3n o consulta en nuestro formulario de contacto.<br \/>\u2013 Consentimiento del interesado en el caso de que haya enviado su CV.<\/p>\n<p><em>DESTINATARIOS DE LOS DATOS SUMINISTRADOS<\/em><\/p>\n<p><strong>\u00bfA qu\u00e9 destinatarios se comunicar\u00e1n sus datos?<\/strong><\/p>\n<p>a) Los datos se comunicar\u00e1n por requisito legal a: Organismos de la seguridad social (En el caso de los empleados), Administraci\u00f3n tributaria (En el caso de empleados, proveedores y clientes), Otros \u00f3rganos de la administraci\u00f3n p\u00fablica (En el caso de empleados, proveedores y clientes) Fuerzas y cuerpos de seguridad (En el caso de videovigilancia) y\/o Entidades aseguradoras (En el caso de los empleados).<br \/>b) Los datos se comunicar\u00e1n por requisito contractual a: Bancos, cajas de ahorros, y cajas rurales.<br \/>* Las cesiones descritas en el presente apartado c) conllevan una transferencia internacional de datos a EEUU, para la cual el afectado otorg\u00f3 su consentimiento.<\/p>\n<p><em>DERECHOS DE LOS INTERESADOS<\/em><\/p>\n<p><strong>\u00bfCu\u00e1les son sus derechos?<\/strong><\/p>\n<p>Cualquier persona tiene derecho a obtener confirmaci\u00f3n sobre si en COMPUESTOS Y GRANZAS, S.A.U. estamos tratando datos personales que les conciernan, o no.<br \/>Derecho de<span>\u00a0<\/span><em>acceso<\/em>: el interesado podr\u00e1 solicitar al Responsable los datos tratados y en caso afirmativo qu\u00e9 datos personales concretos son tratados.<br \/>Derecho de<span>\u00a0<\/span><em>rectificaci\u00f3n<\/em>: el interesado podr\u00e1 solicitar al Responsable la correcci\u00f3n de sus datos personales en caso de no ser exactos.<br \/>Derecho de<span>\u00a0<\/span><em>supresi\u00f3n<\/em>: el interesado podr\u00e1 solicitar al Responsable el borrado de sus datos personales cuando, entre otros motivos, los datos ya no sean necesarios para los fines para los que fueron recogidos.<br \/>Derecho de<span>\u00a0<\/span><em>oposici\u00f3n<\/em>: el interesado podr\u00e1 oponerse a que el Responsable realice un tratamiento de sus datos personales.<br \/>Derecho a la<span>\u00a0<\/span><em>limitaci\u00f3n del tratamiento<\/em>: el interesado podr\u00e1 solicitar al Responsable que temporalmente no trate sus datos personales en unos supuestos concretos.<br \/>Derecho a la<span>\u00a0<\/span><em>portabilidad<\/em>: el interesado podr\u00e1 solicitar al Responsable sus datos automatizados en un formato estructurado de f\u00e1cil acceso y manejo.<\/p>\n<p><strong>\u00bfC\u00f3mo se pueden ejercer los derechos?<\/strong><\/p>\n<p>Mediante un escrito dirigido a COMPUESTOS Y GRANZAS, S.A.U., Carretera Lodosa \u2013 Los Arcos Km 13, 31587 Mendavia, Navarra<\/p>\n<p><strong>\u00bfQu\u00e9 v\u00edas de reclamaci\u00f3n existen?<\/strong><\/p>\n<p>Si considera que sus derechos no se han atendido debidamente, tiene derecho a presentar una reclamaci\u00f3n ante la Agencia Espa\u00f1ola de Protecci\u00f3n de Datos, C\/ Jorge Juan, 6. 28001 \u2013 Madrid.<\/p>\n<p>[\/et_pb_text][\/et_pb_column][\/et_pb_row][\/et_pb_section]<\/p>\n","protected":false},"excerpt":{"rendered":"<p>POL\u00cdTICA DE PRIVACIDAD Y PROTECCI\u00d3N DE DATOS DE CAR\u00c1CTER PERSONAL TRATAMIENTOS DE DATOS PERSONALES En cumplimiento de lo establecido en la normativa aplicable de Protecci\u00f3n de Datos, le informamos que los datos que ser\u00e1n tratados como Responsable por COMPUESTOS Y GRANZAS, S.A.U., cuya finalidad del tratamiento es la prestaci\u00f3n del servicio que el usuario solicite [&hellip;]<\/p>\n","protected":false},"author":1,"featured_media":0,"parent":0,"menu_order":0,"comment_status":"closed","ping_status":"closed","template":"","meta":{"_et_pb_use_builder":"on","_et_pb_old_content":"","_et_gb_content_width":"","footnotes":""},"class_list":["post-6888","page","type-page","status-publish","hentry"],"yoast_head":"<!-- This site is optimized with the Yoast SEO plugin v23.4 - https:\/\/yoast.com\/wordpress\/plugins\/seo\/ -->\n<title>Pol\u00edtica de Privacidad - Cygsa<\/title>\n<meta name=\"robots\" content=\"index, follow, max-snippet:-1, max-image-preview:large, max-video-preview:-1\" \/>\n<link rel=\"canonical\" href=\"https:\/\/nueva.cygsa.es\/en\/politica-de-privacidad\/\" \/>\n<meta property=\"og:locale\" content=\"en_US\" \/>\n<meta property=\"og:type\" content=\"article\" \/>\n<meta property=\"og:title\" content=\"Pol\u00edtica de Privacidad - Cygsa\" \/>\n<meta property=\"og:description\" content=\"POL\u00cdTICA DE PRIVACIDAD Y PROTECCI\u00d3N DE DATOS DE CAR\u00c1CTER PERSONAL TRATAMIENTOS DE DATOS PERSONALES En cumplimiento de lo establecido en la normativa aplicable de Protecci\u00f3n de Datos, le informamos que los datos que ser\u00e1n tratados como Responsable por COMPUESTOS Y GRANZAS, S.A.U., cuya finalidad del tratamiento es la prestaci\u00f3n del servicio que el usuario solicite [&hellip;]\" \/>\n<meta property=\"og:url\" content=\"https:\/\/nueva.cygsa.es\/en\/politica-de-privacidad\/\" \/>\n<meta property=\"og:site_name\" content=\"Cygsa\" \/>\n<meta name=\"twitter:card\" content=\"summary_large_image\" \/>\n<meta name=\"twitter:label1\" content=\"Est. reading time\" \/>\n\t<meta name=\"twitter:data1\" content=\"7 minutes\" \/>\n<script type=\"application\/ld+json\" class=\"yoast-schema-graph\">{\"@context\":\"https:\/\/schema.org\",\"@graph\":[{\"@type\":\"WebPage\",\"@id\":\"https:\/\/nueva.cygsa.es\/en\/politica-de-privacidad\/\",\"url\":\"https:\/\/nueva.cygsa.es\/en\/politica-de-privacidad\/\",\"name\":\"Pol\u00edtica de Privacidad - Cygsa\",\"isPartOf\":{\"@id\":\"https:\/\/nueva.cygsa.es\/en\/#website\"},\"datePublished\":\"2021-01-20T12:00:14+00:00\",\"dateModified\":\"2021-01-20T12:00:14+00:00\",\"breadcrumb\":{\"@id\":\"https:\/\/nueva.cygsa.es\/en\/politica-de-privacidad\/#breadcrumb\"},\"inLanguage\":\"en-US\",\"potentialAction\":[{\"@type\":\"ReadAction\",\"target\":[\"https:\/\/nueva.cygsa.es\/en\/politica-de-privacidad\/\"]}]},{\"@type\":\"BreadcrumbList\",\"@id\":\"https:\/\/nueva.cygsa.es\/en\/politica-de-privacidad\/#breadcrumb\",\"itemListElement\":[{\"@type\":\"ListItem\",\"position\":1,\"name\":\"Portada\",\"item\":\"https:\/\/nueva.cygsa.es\/en\/\"},{\"@type\":\"ListItem\",\"position\":2,\"name\":\"Pol\u00edtica de Privacidad\"}]},{\"@type\":\"WebSite\",\"@id\":\"https:\/\/nueva.cygsa.es\/en\/#website\",\"url\":\"https:\/\/nueva.cygsa.es\/en\/\",\"name\":\"Cygsa\",\"description\":\"Just another WordPress site\",\"potentialAction\":[{\"@type\":\"SearchAction\",\"target\":{\"@type\":\"EntryPoint\",\"urlTemplate\":\"https:\/\/nueva.cygsa.es\/en\/?s={search_term_string}\"},\"query-input\":{\"@type\":\"PropertyValueSpecification\",\"valueRequired\":true,\"valueName\":\"search_term_string\"}}],\"inLanguage\":\"en-US\"}]}<\/script>\n<!-- \/ Yoast SEO plugin. -->","yoast_head_json":{"title":"Pol\u00edtica de Privacidad - Cygsa","robots":{"index":"index","follow":"follow","max-snippet":"max-snippet:-1","max-image-preview":"max-image-preview:large","max-video-preview":"max-video-preview:-1"},"canonical":"https:\/\/nueva.cygsa.es\/en\/politica-de-privacidad\/","og_locale":"en_US","og_type":"article","og_title":"Pol\u00edtica de Privacidad - Cygsa","og_description":"POL\u00cdTICA DE PRIVACIDAD Y PROTECCI\u00d3N DE DATOS DE CAR\u00c1CTER PERSONAL TRATAMIENTOS DE DATOS PERSONALES En cumplimiento de lo establecido en la normativa aplicable de Protecci\u00f3n de Datos, le informamos que los datos que ser\u00e1n tratados como Responsable por COMPUESTOS Y GRANZAS, S.A.U., cuya finalidad del tratamiento es la prestaci\u00f3n del servicio que el usuario solicite [&hellip;]","og_url":"https:\/\/nueva.cygsa.es\/en\/politica-de-privacidad\/","og_site_name":"Cygsa","twitter_card":"summary_large_image","twitter_misc":{"Est. reading time":"7 minutes"},"schema":{"@context":"https:\/\/schema.org","@graph":[{"@type":"WebPage","@id":"https:\/\/nueva.cygsa.es\/en\/politica-de-privacidad\/","url":"https:\/\/nueva.cygsa.es\/en\/politica-de-privacidad\/","name":"Pol\u00edtica de Privacidad - Cygsa","isPartOf":{"@id":"https:\/\/nueva.cygsa.es\/en\/#website"},"datePublished":"2021-01-20T12:00:14+00:00","dateModified":"2021-01-20T12:00:14+00:00","breadcrumb":{"@id":"https:\/\/nueva.cygsa.es\/en\/politica-de-privacidad\/#breadcrumb"},"inLanguage":"en-US","potentialAction":[{"@type":"ReadAction","target":["https:\/\/nueva.cygsa.es\/en\/politica-de-privacidad\/"]}]},{"@type":"BreadcrumbList","@id":"https:\/\/nueva.cygsa.es\/en\/politica-de-privacidad\/#breadcrumb","itemListElement":[{"@type":"ListItem","position":1,"name":"Portada","item":"https:\/\/nueva.cygsa.es\/en\/"},{"@type":"ListItem","position":2,"name":"Pol\u00edtica de Privacidad"}]},{"@type":"WebSite","@id":"https:\/\/nueva.cygsa.es\/en\/#website","url":"https:\/\/nueva.cygsa.es\/en\/","name":"Cygsa","description":"Just another WordPress site","potentialAction":[{"@type":"SearchAction","target":{"@type":"EntryPoint","urlTemplate":"https:\/\/nueva.cygsa.es\/en\/?s={search_term_string}"},"query-input":{"@type":"PropertyValueSpecification","valueRequired":true,"valueName":"search_term_string"}}],"inLanguage":"en-US"}]}},"_links":{"self":[{"href":"https:\/\/nueva.cygsa.es\/en\/wp-json\/wp\/v2\/pages\/6888","targetHints":{"allow":["GET"]}}],"collection":[{"href":"https:\/\/nueva.cygsa.es\/en\/wp-json\/wp\/v2\/pages"}],"about":[{"href":"https:\/\/nueva.cygsa.es\/en\/wp-json\/wp\/v2\/types\/page"}],"author":[{"embeddable":true,"href":"https:\/\/nueva.cygsa.es\/en\/wp-json\/wp\/v2\/users\/1"}],"replies":[{"embeddable":true,"href":"https:\/\/nueva.cygsa.es\/en\/wp-json\/wp\/v2\/comments?post=6888"}],"version-history":[{"count":0,"href":"https:\/\/nueva.cygsa.es\/en\/wp-json\/wp\/v2\/pages\/6888\/revisions"}],"wp:attachment":[{"href":"https:\/\/nueva.cygsa.es\/en\/wp-json\/wp\/v2\/media?parent=6888"}],"curies":[{"name":"wp","href":"https:\/\/api.w.org\/{rel}","templated":true}]}}